{"id":10017,"date":"2025-07-14T02:24:44","date_gmt":"2025-07-13T23:24:44","guid":{"rendered":"https:\/\/u.bytf.tk\/product\/ur-pirlantali-sari-kupe-kpeaa18dur-sari\/"},"modified":"2025-07-14T09:34:46","modified_gmt":"2025-07-14T06:34:46","slug":"ur-pirlantali-sari-kupe-kpeaa18dur-sari-6535","status":"publish","type":"product","link":"https:\/\/u.bytf.tk\/en\/product\/ur-pirlantali-sari-kupe-kpeaa18dur-sari-6535\/","title":{"rendered":"Ur &#8211; P\u0131rlantal\u0131 Sar\u0131 K\u00fcpe"},"content":{"rendered":"<p>Mezopotamya&#8217; da sa\u00e7 s\u00fcs\u00fc olarak kullan\u0131lan alt\u0131n helezonlardan uyarlanan ikonik k\u00fcpe<\/p>\n<p>18 ayar Alt\u0131n, P\u0131rlanta<\/p>\n<p>\u00a0<\/p>","protected":false},"excerpt":{"rendered":"<p>Mezopotamya&#8217; da sa\u00e7 s\u00fcs\u00fc olarak kullan\u0131lan alt\u0131n helezonlardan uyarlanan ikonik k\u00fcpe 18 ayar Alt\u0131n, P\u0131rlanta \u00a0<\/p>","protected":false},"featured_media":3765,"template":"","meta":[],"product_brand":[],"product_cat":[569,562],"product_tag":[90,109,93,129,91,92,103,130,110,111,94,115],"class_list":{"0":"post-10017","1":"product","2":"type-product","3":"status-publish","4":"has-post-thumbnail","6":"product_cat-kupe","7":"product_cat-mucevher","8":"product_tag-altin","9":"product_tag-chrismas","10":"product_tag-diamond","11":"product_tag-earring","12":"product_tag-encoksatan","13":"product_tag-gold","14":"product_tag-heritage","15":"product_tag-kupe","16":"product_tag-mezopotamya","17":"product_tag-mezopotamya-koleksiyonu","18":"product_tag-pirlanta","19":"product_tag-yilbasi","21":"first","22":"instock","23":"taxable","24":"shipping-taxable","25":"purchasable","26":"product-type-simple"},"_links":{"self":[{"href":"https:\/\/u.bytf.tk\/en\/wp-json\/wp\/v2\/product\/10017","targetHints":{"allow":["GET"]}}],"collection":[{"href":"https:\/\/u.bytf.tk\/en\/wp-json\/wp\/v2\/product"}],"about":[{"href":"https:\/\/u.bytf.tk\/en\/wp-json\/wp\/v2\/types\/product"}],"wp:featuredmedia":[{"embeddable":true,"href":"https:\/\/u.bytf.tk\/en\/wp-json\/wp\/v2\/media\/3765"}],"wp:attachment":[{"href":"https:\/\/u.bytf.tk\/en\/wp-json\/wp\/v2\/media?parent=10017"}],"wp:term":[{"taxonomy":"product_brand","embeddable":true,"href":"https:\/\/u.bytf.tk\/en\/wp-json\/wp\/v2\/product_brand?post=10017"},{"taxonomy":"product_cat","embeddable":true,"href":"https:\/\/u.bytf.tk\/en\/wp-json\/wp\/v2\/product_cat?post=10017"},{"taxonomy":"product_tag","embeddable":true,"href":"https:\/\/u.bytf.tk\/en\/wp-json\/wp\/v2\/product_tag?post=10017"}],"curies":[{"name":"wp","href":"https:\/\/api.w.org\/{rel}","templated":true}]}}