{"id":8294,"date":"2025-07-13T11:44:22","date_gmt":"2025-07-13T08:44:22","guid":{"rendered":"https:\/\/u.bytf.tk\/product\/albunea-bilezik\/"},"modified":"2025-07-14T09:31:27","modified_gmt":"2025-07-14T06:31:27","slug":"albunea-bilezik-blzgb00xalbunea","status":"publish","type":"product","link":"https:\/\/u.bytf.tk\/en\/product\/albunea-bilezik-blzgb00xalbunea\/","title":{"rendered":"Albunea Bracelet"},"content":{"rendered":"<p>Bracelet designed with modern lines<\/p>\n<p>925 Ayar G\u00fcm\u00fc\u015f ve Bronz<\/p>\n<p>\u00a0<\/p>","protected":false},"excerpt":{"rendered":"<p>Modern \u00e7izgilerle dizayn edilmi\u015f bilezik 925 Ayar G\u00fcm\u00fc\u015f ve Bronz \u00a0<\/p>","protected":false},"featured_media":3351,"template":"","meta":[],"product_brand":[],"product_cat":[563,562],"product_tag":[81,82,83,84,85,86,87,88,89],"class_list":{"0":"post-8294","1":"product","2":"type-product","3":"status-publish","4":"has-post-thumbnail","6":"product_cat-bilezik","7":"product_cat-mucevher","8":"product_tag-albunea","9":"product_tag-bilezik","10":"product_tag-bracelet","11":"product_tag-bronz","12":"product_tag-bronze","13":"product_tag-contemporary","14":"product_tag-gumus","15":"product_tag-modern","16":"product_tag-silver","18":"first","19":"instock","20":"taxable","21":"shipping-taxable","22":"purchasable","23":"product-type-simple"},"_links":{"self":[{"href":"https:\/\/u.bytf.tk\/en\/wp-json\/wp\/v2\/product\/8294","targetHints":{"allow":["GET"]}}],"collection":[{"href":"https:\/\/u.bytf.tk\/en\/wp-json\/wp\/v2\/product"}],"about":[{"href":"https:\/\/u.bytf.tk\/en\/wp-json\/wp\/v2\/types\/product"}],"wp:featuredmedia":[{"embeddable":true,"href":"https:\/\/u.bytf.tk\/en\/wp-json\/wp\/v2\/media\/3351"}],"wp:attachment":[{"href":"https:\/\/u.bytf.tk\/en\/wp-json\/wp\/v2\/media?parent=8294"}],"wp:term":[{"taxonomy":"product_brand","embeddable":true,"href":"https:\/\/u.bytf.tk\/en\/wp-json\/wp\/v2\/product_brand?post=8294"},{"taxonomy":"product_cat","embeddable":true,"href":"https:\/\/u.bytf.tk\/en\/wp-json\/wp\/v2\/product_cat?post=8294"},{"taxonomy":"product_tag","embeddable":true,"href":"https:\/\/u.bytf.tk\/en\/wp-json\/wp\/v2\/product_tag?post=8294"}],"curies":[{"name":"wp","href":"https:\/\/api.w.org\/{rel}","templated":true}]}}