{"id":8299,"date":"2025-07-13T11:44:22","date_gmt":"2025-07-13T08:44:22","guid":{"rendered":"https:\/\/u.bytf.tk\/product\/albunea-kolye\/"},"modified":"2025-07-14T09:31:28","modified_gmt":"2025-07-14T06:31:28","slug":"albunea-kolye-klygb00xalbunea","status":"publish","type":"product","link":"https:\/\/u.bytf.tk\/en\/product\/albunea-kolye-klygb00xalbunea\/","title":{"rendered":"Albunea Necklace"},"content":{"rendered":"<p>Modern \u00e7izgilerle dizayn edilmi\u015f kolye<\/p>\n<p>925 Ayar G\u00fcm\u00fc\u015f ve Bronz<\/p>\n<p><em>Kolye\u00a0uzunlu\u011fu\u00a060\u00a0cm<\/em><\/p>\n<p>\u00a0<\/p>","protected":false},"excerpt":{"rendered":"<p>Modern \u00e7izgilerle dizayn edilmi\u015f kolye 925 Ayar G\u00fcm\u00fc\u015f ve Bronz Kolye\u00a0uzunlu\u011fu\u00a060\u00a0cm \u00a0<\/p>","protected":false},"featured_media":3386,"template":"","meta":[],"product_brand":[],"product_cat":[567,562],"product_tag":[81,84,85,86,91,87,106,88,107,89],"class_list":{"0":"post-8299","1":"product","2":"type-product","3":"status-publish","4":"has-post-thumbnail","6":"product_cat-kolye","7":"product_cat-mucevher","8":"product_tag-albunea","9":"product_tag-bronz","10":"product_tag-bronze","11":"product_tag-contemporary","12":"product_tag-encoksatan","13":"product_tag-gumus","14":"product_tag-kolye","15":"product_tag-modern","16":"product_tag-necklace","17":"product_tag-silver","19":"first","20":"instock","21":"taxable","22":"shipping-taxable","23":"purchasable","24":"product-type-simple"},"_links":{"self":[{"href":"https:\/\/u.bytf.tk\/en\/wp-json\/wp\/v2\/product\/8299","targetHints":{"allow":["GET"]}}],"collection":[{"href":"https:\/\/u.bytf.tk\/en\/wp-json\/wp\/v2\/product"}],"about":[{"href":"https:\/\/u.bytf.tk\/en\/wp-json\/wp\/v2\/types\/product"}],"wp:featuredmedia":[{"embeddable":true,"href":"https:\/\/u.bytf.tk\/en\/wp-json\/wp\/v2\/media\/3386"}],"wp:attachment":[{"href":"https:\/\/u.bytf.tk\/en\/wp-json\/wp\/v2\/media?parent=8299"}],"wp:term":[{"taxonomy":"product_brand","embeddable":true,"href":"https:\/\/u.bytf.tk\/en\/wp-json\/wp\/v2\/product_brand?post=8299"},{"taxonomy":"product_cat","embeddable":true,"href":"https:\/\/u.bytf.tk\/en\/wp-json\/wp\/v2\/product_cat?post=8299"},{"taxonomy":"product_tag","embeddable":true,"href":"https:\/\/u.bytf.tk\/en\/wp-json\/wp\/v2\/product_tag?post=8299"}],"curies":[{"name":"wp","href":"https:\/\/api.w.org\/{rel}","templated":true}]}}