{"id":8300,"date":"2025-07-13T11:44:22","date_gmt":"2025-07-13T08:44:22","guid":{"rendered":"https:\/\/u.bytf.tk\/product\/ar-kolye\/"},"modified":"2025-07-14T09:31:28","modified_gmt":"2025-07-14T06:31:28","slug":"ar-kolye-klyag18xar00000","status":"publish","type":"product","link":"https:\/\/u.bytf.tk\/en\/product\/ar-kolye-klyag18xar00000\/","title":{"rendered":"Ar Necklace"},"content":{"rendered":"<p>Modern \u00e7izgilerle dizayn edilmi\u015f kolye<\/p>\n<p>18 ayar Alt\u0131n ve 925 ayar G\u00fcm\u00fc\u015f<\/p>\n<p><em>Kolye standart\u00a0uzunlu\u011fu 42 cm<\/em><\/p>\n<p>\u00a0<\/p>","protected":false},"excerpt":{"rendered":"<p>Modern \u00e7izgilerle dizayn edilmi\u015f kolye 18 ayar Alt\u0131n ve 925 ayar G\u00fcm\u00fc\u015f Kolye standart\u00a0uzunlu\u011fu 42 cm \u00a0<\/p>","protected":false},"featured_media":3388,"template":"","meta":[],"product_brand":[],"product_cat":[567,562],"product_tag":[90,86,91,92,87,106,88,107,89],"class_list":{"0":"post-8300","1":"product","2":"type-product","3":"status-publish","4":"has-post-thumbnail","6":"product_cat-kolye","7":"product_cat-mucevher","8":"product_tag-altin","9":"product_tag-contemporary","10":"product_tag-encoksatan","11":"product_tag-gold","12":"product_tag-gumus","13":"product_tag-kolye","14":"product_tag-modern","15":"product_tag-necklace","16":"product_tag-silver","18":"first","19":"instock","20":"taxable","21":"shipping-taxable","22":"purchasable","23":"product-type-simple"},"_links":{"self":[{"href":"https:\/\/u.bytf.tk\/en\/wp-json\/wp\/v2\/product\/8300","targetHints":{"allow":["GET"]}}],"collection":[{"href":"https:\/\/u.bytf.tk\/en\/wp-json\/wp\/v2\/product"}],"about":[{"href":"https:\/\/u.bytf.tk\/en\/wp-json\/wp\/v2\/types\/product"}],"wp:featuredmedia":[{"embeddable":true,"href":"https:\/\/u.bytf.tk\/en\/wp-json\/wp\/v2\/media\/3388"}],"wp:attachment":[{"href":"https:\/\/u.bytf.tk\/en\/wp-json\/wp\/v2\/media?parent=8300"}],"wp:term":[{"taxonomy":"product_brand","embeddable":true,"href":"https:\/\/u.bytf.tk\/en\/wp-json\/wp\/v2\/product_brand?post=8300"},{"taxonomy":"product_cat","embeddable":true,"href":"https:\/\/u.bytf.tk\/en\/wp-json\/wp\/v2\/product_cat?post=8300"},{"taxonomy":"product_tag","embeddable":true,"href":"https:\/\/u.bytf.tk\/en\/wp-json\/wp\/v2\/product_tag?post=8300"}],"curies":[{"name":"wp","href":"https:\/\/api.w.org\/{rel}","templated":true}]}}