{"id":8309,"date":"2025-07-13T11:44:22","date_gmt":"2025-07-13T08:44:22","guid":{"rendered":"https:\/\/u.bytf.tk\/product\/celae-kupe\/"},"modified":"2025-07-14T09:31:29","modified_gmt":"2025-07-14T06:31:29","slug":"celae-kupe-kpeag18xcelae-h","status":"publish","type":"product","link":"https:\/\/u.bytf.tk\/en\/product\/celae-kupe-kpeag18xcelae-h\/","title":{"rendered":"Celae Earrings"},"content":{"rendered":"<p>Kemik kabza s\u00fcslemelerinden d\u00fczenleme ikonik k\u00fcpe<\/p>\n<p>18 ayar Alt\u0131n ve 925 ayar G\u00fcm\u00fc\u015f<\/p>\n<p>\u00a0<\/p>","protected":false},"excerpt":{"rendered":"<p>Kemik kabza s\u00fcslemelerinden d\u00fczenleme ikonik k\u00fcpe 18 ayar Alt\u0131n ve 925 ayar G\u00fcm\u00fc\u015f \u00a0<\/p>","protected":false},"featured_media":3413,"template":"","meta":[],"product_brand":[],"product_cat":[569,562],"product_tag":[90,109,91,132,92,87,112,89,114,115],"class_list":{"0":"post-8309","1":"product","2":"type-product","3":"status-publish","4":"has-post-thumbnail","6":"product_cat-kupe","7":"product_cat-mucevher","8":"product_tag-altin","9":"product_tag-chrismas","10":"product_tag-encoksatan","11":"product_tag-eski-tunc-cagi-koleksiyonu","12":"product_tag-gold","13":"product_tag-gumus","14":"product_tag-sevgililergunu","15":"product_tag-silver","16":"product_tag-valentines","17":"product_tag-yilbasi","19":"first","20":"instock","21":"taxable","22":"shipping-taxable","23":"purchasable","24":"product-type-simple"},"_links":{"self":[{"href":"https:\/\/u.bytf.tk\/en\/wp-json\/wp\/v2\/product\/8309","targetHints":{"allow":["GET"]}}],"collection":[{"href":"https:\/\/u.bytf.tk\/en\/wp-json\/wp\/v2\/product"}],"about":[{"href":"https:\/\/u.bytf.tk\/en\/wp-json\/wp\/v2\/types\/product"}],"wp:featuredmedia":[{"embeddable":true,"href":"https:\/\/u.bytf.tk\/en\/wp-json\/wp\/v2\/media\/3413"}],"wp:attachment":[{"href":"https:\/\/u.bytf.tk\/en\/wp-json\/wp\/v2\/media?parent=8309"}],"wp:term":[{"taxonomy":"product_brand","embeddable":true,"href":"https:\/\/u.bytf.tk\/en\/wp-json\/wp\/v2\/product_brand?post=8309"},{"taxonomy":"product_cat","embeddable":true,"href":"https:\/\/u.bytf.tk\/en\/wp-json\/wp\/v2\/product_cat?post=8309"},{"taxonomy":"product_tag","embeddable":true,"href":"https:\/\/u.bytf.tk\/en\/wp-json\/wp\/v2\/product_tag?post=8309"}],"curies":[{"name":"wp","href":"https:\/\/api.w.org\/{rel}","templated":true}]}}