{"id":8317,"date":"2025-07-13T11:44:30","date_gmt":"2025-07-13T08:44:30","guid":{"rendered":"https:\/\/u.bytf.tk\/product\/akad-yuzuk\/"},"modified":"2025-07-14T09:31:36","modified_gmt":"2025-07-14T06:31:36","slug":"akad-yuzuk-yzkag18xakad000","status":"publish","type":"product","link":"https:\/\/u.bytf.tk\/en\/product\/akad-yuzuk-yzkag18xakad000\/","title":{"rendered":"Akkadian Ring"},"content":{"rendered":"<p>Mezopotamya m\u00fch\u00fcrlerinden uyarlama y\u00fcz\u00fck<\/p>\n<p>18 Ayar Alt\u0131n ve 925 Ayar G\u00fcm\u00fc\u015f<\/p>\n<p>\u00a0<\/p>","protected":false},"excerpt":{"rendered":"<p>Mezopotamya m\u00fch\u00fcrlerinden uyarlama y\u00fcz\u00fck 18 Ayar Alt\u0131n ve 925 Ayar G\u00fcm\u00fc\u015f \u00a0<\/p>","protected":false},"featured_media":3432,"template":"","meta":[],"product_brand":[],"product_cat":[562,571],"product_tag":[142,90,91,92,87,103,111,145,89,147,148],"class_list":{"0":"post-8317","1":"product","2":"type-product","3":"status-publish","4":"has-post-thumbnail","6":"product_cat-mucevher","7":"product_cat-yuzuk","8":"product_tag-akad","9":"product_tag-altin","10":"product_tag-encoksatan","11":"product_tag-gold","12":"product_tag-gumus","13":"product_tag-heritage","14":"product_tag-mezopotamya-koleksiyonu","15":"product_tag-ring","16":"product_tag-silver","17":"product_tag-yaz","18":"product_tag-yuzuk","20":"first","21":"instock","22":"taxable","23":"shipping-taxable","24":"purchasable","25":"product-type-variable"},"_links":{"self":[{"href":"https:\/\/u.bytf.tk\/en\/wp-json\/wp\/v2\/product\/8317","targetHints":{"allow":["GET"]}}],"collection":[{"href":"https:\/\/u.bytf.tk\/en\/wp-json\/wp\/v2\/product"}],"about":[{"href":"https:\/\/u.bytf.tk\/en\/wp-json\/wp\/v2\/types\/product"}],"wp:featuredmedia":[{"embeddable":true,"href":"https:\/\/u.bytf.tk\/en\/wp-json\/wp\/v2\/media\/3432"}],"wp:attachment":[{"href":"https:\/\/u.bytf.tk\/en\/wp-json\/wp\/v2\/media?parent=8317"}],"wp:term":[{"taxonomy":"product_brand","embeddable":true,"href":"https:\/\/u.bytf.tk\/en\/wp-json\/wp\/v2\/product_brand?post=8317"},{"taxonomy":"product_cat","embeddable":true,"href":"https:\/\/u.bytf.tk\/en\/wp-json\/wp\/v2\/product_cat?post=8317"},{"taxonomy":"product_tag","embeddable":true,"href":"https:\/\/u.bytf.tk\/en\/wp-json\/wp\/v2\/product_tag?post=8317"}],"curies":[{"name":"wp","href":"https:\/\/api.w.org\/{rel}","templated":true}]}}