{"id":8322,"date":"2025-07-13T11:44:30","date_gmt":"2025-07-13T08:44:30","guid":{"rendered":"https:\/\/u.bytf.tk\/product\/bent-sari-yuzuk\/"},"modified":"2025-07-14T09:31:39","modified_gmt":"2025-07-14T06:31:39","slug":"bent-sari-yuzuk-yzkaa18dbent-sa","status":"publish","type":"product","link":"https:\/\/u.bytf.tk\/en\/product\/bent-sari-yuzuk-yzkaa18dbent-sa\/","title":{"rendered":"Bent-Sar\u0131 Y\u00fcz\u00fck"},"content":{"rendered":"<p>Metal ve P\u0131rlanta i\u00e7in form d\u00fczenleme<\/p>\n<p>18 Ayar Alt\u0131n, P\u0131rlanta<\/p>\n<p>\u00a0<\/p>","protected":false},"excerpt":{"rendered":"<p>Metal ve P\u0131rlanta i\u00e7in form d\u00fczenleme 18 Ayar Alt\u0131n, P\u0131rlanta \u00a0<\/p>","protected":false},"featured_media":3446,"template":"","meta":[],"product_brand":[],"product_cat":[562,571],"product_tag":[90,109,93,91,92,88,94,145,112,114,115,148],"class_list":{"0":"post-8322","1":"product","2":"type-product","3":"status-publish","4":"has-post-thumbnail","6":"product_cat-mucevher","7":"product_cat-yuzuk","8":"product_tag-altin","9":"product_tag-chrismas","10":"product_tag-diamond","11":"product_tag-encoksatan","12":"product_tag-gold","13":"product_tag-modern","14":"product_tag-pirlanta","15":"product_tag-ring","16":"product_tag-sevgililergunu","17":"product_tag-valentines","18":"product_tag-yilbasi","19":"product_tag-yuzuk","21":"first","22":"instock","23":"taxable","24":"shipping-taxable","25":"purchasable","26":"product-type-variable"},"_links":{"self":[{"href":"https:\/\/u.bytf.tk\/en\/wp-json\/wp\/v2\/product\/8322","targetHints":{"allow":["GET"]}}],"collection":[{"href":"https:\/\/u.bytf.tk\/en\/wp-json\/wp\/v2\/product"}],"about":[{"href":"https:\/\/u.bytf.tk\/en\/wp-json\/wp\/v2\/types\/product"}],"wp:featuredmedia":[{"embeddable":true,"href":"https:\/\/u.bytf.tk\/en\/wp-json\/wp\/v2\/media\/3446"}],"wp:attachment":[{"href":"https:\/\/u.bytf.tk\/en\/wp-json\/wp\/v2\/media?parent=8322"}],"wp:term":[{"taxonomy":"product_brand","embeddable":true,"href":"https:\/\/u.bytf.tk\/en\/wp-json\/wp\/v2\/product_brand?post=8322"},{"taxonomy":"product_cat","embeddable":true,"href":"https:\/\/u.bytf.tk\/en\/wp-json\/wp\/v2\/product_cat?post=8322"},{"taxonomy":"product_tag","embeddable":true,"href":"https:\/\/u.bytf.tk\/en\/wp-json\/wp\/v2\/product_tag?post=8322"}],"curies":[{"name":"wp","href":"https:\/\/api.w.org\/{rel}","templated":true}]}}