{"id":8325,"date":"2025-07-13T11:44:30","date_gmt":"2025-07-13T08:44:30","guid":{"rendered":"https:\/\/u.bytf.tk\/product\/altigen-bardak-altligi\/"},"modified":"2025-07-14T09:31:38","modified_gmt":"2025-07-14T06:31:38","slug":"altigen-bardak-altligi-brabrxaltigen00","status":"publish","type":"product","link":"https:\/\/u.bytf.tk\/en\/product\/altigen-bardak-altligi-brabrxaltigen00\/","title":{"rendered":"Hexagon Coaster"},"content":{"rendered":"<p>Coasters arranged in arabesque motifs<\/p>\n<p>Bronze<\/p>\n<p>Set of 2<\/p>\n<p>\u00a0<\/p>","protected":false},"excerpt":{"rendered":"<p>Arabesk motiflerden d\u00fczenleme bardak altl\u0131\u011f\u0131 Bronz 2&#8217;li set \u00a0<\/p>","protected":false},"featured_media":3453,"template":"","meta":[],"product_brand":[],"product_cat":[574,572],"product_tag":[157,84,85,158,156,159,160,161],"class_list":{"0":"post-8325","1":"product","2":"type-product","3":"status-publish","4":"has-post-thumbnail","6":"product_cat-bardak-bardak-altligi","7":"product_cat-home","8":"product_tag-bardak-altligi","9":"product_tag-bronz","10":"product_tag-bronze","11":"product_tag-coaster","12":"product_tag-obje","13":"product_tag-osmanli","14":"product_tag-osmanli-koleksiyonu","15":"product_tag-ottoman","17":"first","18":"instock","19":"taxable","20":"shipping-taxable","21":"purchasable","22":"product-type-simple"},"_links":{"self":[{"href":"https:\/\/u.bytf.tk\/en\/wp-json\/wp\/v2\/product\/8325","targetHints":{"allow":["GET"]}}],"collection":[{"href":"https:\/\/u.bytf.tk\/en\/wp-json\/wp\/v2\/product"}],"about":[{"href":"https:\/\/u.bytf.tk\/en\/wp-json\/wp\/v2\/types\/product"}],"wp:featuredmedia":[{"embeddable":true,"href":"https:\/\/u.bytf.tk\/en\/wp-json\/wp\/v2\/media\/3453"}],"wp:attachment":[{"href":"https:\/\/u.bytf.tk\/en\/wp-json\/wp\/v2\/media?parent=8325"}],"wp:term":[{"taxonomy":"product_brand","embeddable":true,"href":"https:\/\/u.bytf.tk\/en\/wp-json\/wp\/v2\/product_brand?post=8325"},{"taxonomy":"product_cat","embeddable":true,"href":"https:\/\/u.bytf.tk\/en\/wp-json\/wp\/v2\/product_cat?post=8325"},{"taxonomy":"product_tag","embeddable":true,"href":"https:\/\/u.bytf.tk\/en\/wp-json\/wp\/v2\/product_tag?post=8325"}],"curies":[{"name":"wp","href":"https:\/\/api.w.org\/{rel}","templated":true}]}}