{"id":8357,"date":"2025-07-13T11:44:46","date_gmt":"2025-07-13T08:44:46","guid":{"rendered":"https:\/\/u.bytf.tk\/product\/ninurta-aslan-bilezik\/"},"modified":"2025-07-14T09:31:46","modified_gmt":"2025-07-14T06:31:46","slug":"ninurta-aslan-bilezik-blzag18dninu-as","status":"publish","type":"product","link":"https:\/\/u.bytf.tk\/en\/product\/ninurta-aslan-bilezik-blzag18dninu-as\/","title":{"rendered":"Ninurta Lion Bracelet"},"content":{"rendered":"<p>G\u00fc\u00e7 ve koruyuculuk sembol\u00fc Hitit Aslan heykellerinden\u00a0 esinlenilen bilezik<\/p>\n<p>18 ayar Alt\u0131n, Z\u00fcmr\u00fct<\/p>\n<p>\u00a0<\/p>","protected":false},"excerpt":{"rendered":"<p>G\u00fc\u00e7 ve koruyuculuk sembol\u00fc Hitit Aslan heykellerinden\u00a0 esinlenilen bilezik 18 ayar Alt\u0131n, Z\u00fcmr\u00fct \u00a0<\/p>","protected":false},"featured_media":3586,"template":"","meta":[],"product_brand":[],"product_cat":[563,562],"product_tag":[90,82,83,198,92,103,191,197,199,200,201],"class_list":{"0":"post-8357","1":"product","2":"type-product","3":"status-publish","4":"has-post-thumbnail","6":"product_cat-bilezik","7":"product_cat-mucevher","8":"product_tag-altin","9":"product_tag-bilezik","10":"product_tag-bracelet","11":"product_tag-emerald","12":"product_tag-gold","13":"product_tag-heritage","14":"product_tag-hitit","15":"product_tag-hitit-koleksiyonu","16":"product_tag-hittite","17":"product_tag-ninurta","18":"product_tag-zumrut","20":"first","21":"instock","22":"taxable","23":"shipping-taxable","24":"purchasable","25":"product-type-simple"},"_links":{"self":[{"href":"https:\/\/u.bytf.tk\/en\/wp-json\/wp\/v2\/product\/8357","targetHints":{"allow":["GET"]}}],"collection":[{"href":"https:\/\/u.bytf.tk\/en\/wp-json\/wp\/v2\/product"}],"about":[{"href":"https:\/\/u.bytf.tk\/en\/wp-json\/wp\/v2\/types\/product"}],"wp:featuredmedia":[{"embeddable":true,"href":"https:\/\/u.bytf.tk\/en\/wp-json\/wp\/v2\/media\/3586"}],"wp:attachment":[{"href":"https:\/\/u.bytf.tk\/en\/wp-json\/wp\/v2\/media?parent=8357"}],"wp:term":[{"taxonomy":"product_brand","embeddable":true,"href":"https:\/\/u.bytf.tk\/en\/wp-json\/wp\/v2\/product_brand?post=8357"},{"taxonomy":"product_cat","embeddable":true,"href":"https:\/\/u.bytf.tk\/en\/wp-json\/wp\/v2\/product_cat?post=8357"},{"taxonomy":"product_tag","embeddable":true,"href":"https:\/\/u.bytf.tk\/en\/wp-json\/wp\/v2\/product_tag?post=8357"}],"curies":[{"name":"wp","href":"https:\/\/api.w.org\/{rel}","templated":true}]}}