{"id":8360,"date":"2025-07-13T11:44:46","date_gmt":"2025-07-13T08:44:46","guid":{"rendered":"https:\/\/u.bytf.tk\/product\/ninurta-telek-altin-gumus-bilezik\/"},"modified":"2025-07-14T09:31:46","modified_gmt":"2025-07-14T06:31:46","slug":"ninurta-telek-altin-gumus-bilezik-blzag18dninu-te","status":"publish","type":"product","link":"https:\/\/u.bytf.tk\/en\/product\/ninurta-telek-altin-gumus-bilezik-blzag18dninu-te\/","title":{"rendered":"Ninurta Telek Alt\u0131n\/G\u00fcm\u00fc\u015f Bilezik"},"content":{"rendered":"<p>Ku\u015f kanad\u0131 detayl\u0131 bilezik<\/p>\n<p>18 ayar Alt\u0131n, 925 ayar G\u00fcm\u00fc\u015f, Kahverengi P\u0131rlanta<\/p>\n<p>\u00a0<\/p>","protected":false},"excerpt":{"rendered":"<p>Ku\u015f kanad\u0131 detayl\u0131 bilezik 18 ayar Alt\u0131n, 925 ayar G\u00fcm\u00fc\u015f, Kahverengi P\u0131rlanta \u00a0<\/p>","protected":false},"featured_media":3597,"template":"","meta":[],"product_brand":[],"product_cat":[563,562],"product_tag":[90,82,83,93,91,92,87,103,154,155,200,94,112,89,114],"class_list":{"0":"post-8360","1":"product","2":"type-product","3":"status-publish","4":"has-post-thumbnail","6":"product_cat-bilezik","7":"product_cat-mucevher","8":"product_tag-altin","9":"product_tag-bilezik","10":"product_tag-bracelet","11":"product_tag-diamond","12":"product_tag-encoksatan","13":"product_tag-gold","14":"product_tag-gumus","15":"product_tag-heritage","16":"product_tag-natura","17":"product_tag-natura-koleksiyonu","18":"product_tag-ninurta","19":"product_tag-pirlanta","20":"product_tag-sevgililergunu","21":"product_tag-silver","22":"product_tag-valentines","24":"first","25":"instock","26":"taxable","27":"shipping-taxable","28":"purchasable","29":"product-type-simple"},"_links":{"self":[{"href":"https:\/\/u.bytf.tk\/en\/wp-json\/wp\/v2\/product\/8360","targetHints":{"allow":["GET"]}}],"collection":[{"href":"https:\/\/u.bytf.tk\/en\/wp-json\/wp\/v2\/product"}],"about":[{"href":"https:\/\/u.bytf.tk\/en\/wp-json\/wp\/v2\/types\/product"}],"wp:featuredmedia":[{"embeddable":true,"href":"https:\/\/u.bytf.tk\/en\/wp-json\/wp\/v2\/media\/3597"}],"wp:attachment":[{"href":"https:\/\/u.bytf.tk\/en\/wp-json\/wp\/v2\/media?parent=8360"}],"wp:term":[{"taxonomy":"product_brand","embeddable":true,"href":"https:\/\/u.bytf.tk\/en\/wp-json\/wp\/v2\/product_brand?post=8360"},{"taxonomy":"product_cat","embeddable":true,"href":"https:\/\/u.bytf.tk\/en\/wp-json\/wp\/v2\/product_cat?post=8360"},{"taxonomy":"product_tag","embeddable":true,"href":"https:\/\/u.bytf.tk\/en\/wp-json\/wp\/v2\/product_tag?post=8360"}],"curies":[{"name":"wp","href":"https:\/\/api.w.org\/{rel}","templated":true}]}}