{"id":8369,"date":"2025-07-13T11:44:55","date_gmt":"2025-07-13T08:44:55","guid":{"rendered":"https:\/\/u.bytf.tk\/product\/tas-iki-sira-bilezik\/"},"modified":"2025-07-14T09:31:52","modified_gmt":"2025-07-14T06:31:52","slug":"tas-tek-sira-bilezik-blzgg00xtas-2li","status":"publish","type":"product","link":"https:\/\/u.bytf.tk\/en\/product\/tas-tek-sira-bilezik-blzgg00xtas-2li\/","title":{"rendered":"Ta\u015f Tek S\u0131ra Bilezik"},"content":{"rendered":"<p>Modern \u00e7izgilerle dizayn edilmi\u015f k\u00fclt bilezik<\/p>\n<p>925 ayar G\u00fcm\u00fc\u015f.<\/p>\n<p>\u00a0<\/p>","protected":false},"excerpt":{"rendered":"<p>Modern \u00e7izgilerle dizayn edilmi\u015f k\u00fclt bilezik 925 ayar G\u00fcm\u00fc\u015f. \u00a0<\/p>","protected":false},"featured_media":3643,"template":"","meta":[],"product_brand":[],"product_cat":[563,562],"product_tag":[82,83,86,87,203,204,89],"class_list":{"0":"post-8369","1":"product","2":"type-product","3":"status-publish","4":"has-post-thumbnail","6":"product_cat-bilezik","7":"product_cat-mucevher","8":"product_tag-bilezik","9":"product_tag-bracelet","10":"product_tag-contemporary","11":"product_tag-gumus","12":"product_tag-halikarnasos","13":"product_tag-halikarnasos-koleksiyonu","14":"product_tag-silver","16":"first","17":"instock","18":"taxable","19":"shipping-taxable","20":"purchasable","21":"product-type-simple"},"_links":{"self":[{"href":"https:\/\/u.bytf.tk\/en\/wp-json\/wp\/v2\/product\/8369","targetHints":{"allow":["GET"]}}],"collection":[{"href":"https:\/\/u.bytf.tk\/en\/wp-json\/wp\/v2\/product"}],"about":[{"href":"https:\/\/u.bytf.tk\/en\/wp-json\/wp\/v2\/types\/product"}],"wp:featuredmedia":[{"embeddable":true,"href":"https:\/\/u.bytf.tk\/en\/wp-json\/wp\/v2\/media\/3643"}],"wp:attachment":[{"href":"https:\/\/u.bytf.tk\/en\/wp-json\/wp\/v2\/media?parent=8369"}],"wp:term":[{"taxonomy":"product_brand","embeddable":true,"href":"https:\/\/u.bytf.tk\/en\/wp-json\/wp\/v2\/product_brand?post=8369"},{"taxonomy":"product_cat","embeddable":true,"href":"https:\/\/u.bytf.tk\/en\/wp-json\/wp\/v2\/product_cat?post=8369"},{"taxonomy":"product_tag","embeddable":true,"href":"https:\/\/u.bytf.tk\/en\/wp-json\/wp\/v2\/product_tag?post=8369"}],"curies":[{"name":"wp","href":"https:\/\/api.w.org\/{rel}","templated":true}]}}