{"id":8373,"date":"2025-07-13T11:44:55","date_gmt":"2025-07-13T08:44:55","guid":{"rendered":"https:\/\/u.bytf.tk\/product\/hitit-balta-kolye\/"},"modified":"2025-07-14T09:31:52","modified_gmt":"2025-07-14T06:31:52","slug":"hitit-balta-kolye-klyaa18xhit-bal","status":"publish","type":"product","link":"https:\/\/u.bytf.tk\/en\/product\/hitit-balta-kolye-klyaa18xhit-bal\/","title":{"rendered":"Hitit Balta Kolye"},"content":{"rendered":"<p>G\u00f6rkemli Hitit\u00a0 sanat\u0131n\u0131n ikonografik ve stilistik \u00f6zelliklerini ta\u015f\u0131yan tak\u0131lar\u0131ndan uyarlanan ikonik\u00a0 kolye<\/p>\n<p>18 ayar Alt\u0131n<\/p>\n<p>Kolye standart uzunlu\u011fu 42 cm<\/p>\n<p>\u00a0<\/p>","protected":false},"excerpt":{"rendered":"<p>G\u00f6rkemli Hitit\u00a0 sanat\u0131n\u0131n ikonografik ve stilistik \u00f6zelliklerini ta\u015f\u0131yan tak\u0131lar\u0131ndan uyarlanan ikonik\u00a0 kolye 18 ayar Alt\u0131n Kolye standart uzunlu\u011fu 42 cm \u00a0<\/p>","protected":false},"featured_media":3654,"template":"","meta":[],"product_brand":[],"product_cat":[567,562],"product_tag":[90,92,103,191,197,106,107],"class_list":{"0":"post-8373","1":"product","2":"type-product","3":"status-publish","4":"has-post-thumbnail","6":"product_cat-kolye","7":"product_cat-mucevher","8":"product_tag-altin","9":"product_tag-gold","10":"product_tag-heritage","11":"product_tag-hitit","12":"product_tag-hitit-koleksiyonu","13":"product_tag-kolye","14":"product_tag-necklace","16":"first","17":"instock","18":"taxable","19":"shipping-taxable","20":"purchasable","21":"product-type-simple"},"_links":{"self":[{"href":"https:\/\/u.bytf.tk\/en\/wp-json\/wp\/v2\/product\/8373","targetHints":{"allow":["GET"]}}],"collection":[{"href":"https:\/\/u.bytf.tk\/en\/wp-json\/wp\/v2\/product"}],"about":[{"href":"https:\/\/u.bytf.tk\/en\/wp-json\/wp\/v2\/types\/product"}],"wp:featuredmedia":[{"embeddable":true,"href":"https:\/\/u.bytf.tk\/en\/wp-json\/wp\/v2\/media\/3654"}],"wp:attachment":[{"href":"https:\/\/u.bytf.tk\/en\/wp-json\/wp\/v2\/media?parent=8373"}],"wp:term":[{"taxonomy":"product_brand","embeddable":true,"href":"https:\/\/u.bytf.tk\/en\/wp-json\/wp\/v2\/product_brand?post=8373"},{"taxonomy":"product_cat","embeddable":true,"href":"https:\/\/u.bytf.tk\/en\/wp-json\/wp\/v2\/product_cat?post=8373"},{"taxonomy":"product_tag","embeddable":true,"href":"https:\/\/u.bytf.tk\/en\/wp-json\/wp\/v2\/product_tag?post=8373"}],"curies":[{"name":"wp","href":"https:\/\/api.w.org\/{rel}","templated":true}]}}