{"id":8377,"date":"2025-07-13T11:44:55","date_gmt":"2025-07-13T08:44:55","guid":{"rendered":"https:\/\/u.bytf.tk\/product\/rozet-hayvan-asagi-bakan-kolye\/"},"modified":"2025-07-14T09:31:53","modified_gmt":"2025-07-14T06:31:53","slug":"rozet-hayvan-yana-bakan-kolye-klyaa18droz-hay","status":"publish","type":"product","link":"https:\/\/u.bytf.tk\/en\/product\/rozet-hayvan-yana-bakan-kolye-klyaa18droz-hay\/","title":{"rendered":"Rozet Hayvan &#8211; Yana Bakan Kolye"},"content":{"rendered":"<p>Ku\u015f fig\u00fcr\u00fcnden dizayn edilmi\u015f pendant<\/p>\n<p>18 ayar Alt\u0131n, Kahverengi P\u0131rlanta<\/p>\n<p>Kolye standart uzunlu\u011fu 42 cm<\/p>\n<p>\u00a0<\/p>","protected":false},"excerpt":{"rendered":"<p>Ku\u015f fig\u00fcr\u00fcnden dizayn edilmi\u015f pendant 18 ayar Alt\u0131n, Kahverengi P\u0131rlanta Kolye standart uzunlu\u011fu 42 cm \u00a0<\/p>","protected":false},"featured_media":3679,"template":"","meta":[],"product_brand":[],"product_cat":[567,562],"product_tag":[90,109,93,91,97,98,92,103,106,107,94,115],"class_list":{"0":"post-8377","1":"product","2":"type-product","3":"status-publish","4":"has-post-thumbnail","6":"product_cat-kolye","7":"product_cat-mucevher","8":"product_tag-altin","9":"product_tag-chrismas","10":"product_tag-diamond","11":"product_tag-encoksatan","12":"product_tag-fauna","13":"product_tag-fauna-koleksiyonu","14":"product_tag-gold","15":"product_tag-heritage","16":"product_tag-kolye","17":"product_tag-necklace","18":"product_tag-pirlanta","19":"product_tag-yilbasi","21":"first","22":"instock","23":"taxable","24":"shipping-taxable","25":"purchasable","26":"product-type-simple"},"_links":{"self":[{"href":"https:\/\/u.bytf.tk\/en\/wp-json\/wp\/v2\/product\/8377","targetHints":{"allow":["GET"]}}],"collection":[{"href":"https:\/\/u.bytf.tk\/en\/wp-json\/wp\/v2\/product"}],"about":[{"href":"https:\/\/u.bytf.tk\/en\/wp-json\/wp\/v2\/types\/product"}],"wp:featuredmedia":[{"embeddable":true,"href":"https:\/\/u.bytf.tk\/en\/wp-json\/wp\/v2\/media\/3679"}],"wp:attachment":[{"href":"https:\/\/u.bytf.tk\/en\/wp-json\/wp\/v2\/media?parent=8377"}],"wp:term":[{"taxonomy":"product_brand","embeddable":true,"href":"https:\/\/u.bytf.tk\/en\/wp-json\/wp\/v2\/product_brand?post=8377"},{"taxonomy":"product_cat","embeddable":true,"href":"https:\/\/u.bytf.tk\/en\/wp-json\/wp\/v2\/product_cat?post=8377"},{"taxonomy":"product_tag","embeddable":true,"href":"https:\/\/u.bytf.tk\/en\/wp-json\/wp\/v2\/product_tag?post=8377"}],"curies":[{"name":"wp","href":"https:\/\/api.w.org\/{rel}","templated":true}]}}