{"id":8380,"date":"2025-07-13T11:44:55","date_gmt":"2025-07-13T08:44:55","guid":{"rendered":"https:\/\/u.bytf.tk\/product\/troya-pul-uzun-kolye\/"},"modified":"2025-07-14T09:31:53","modified_gmt":"2025-07-14T06:31:53","slug":"troya-pul-uzun-kolye-klyaa18xtro-pul","status":"publish","type":"product","link":"https:\/\/u.bytf.tk\/en\/product\/troya-pul-uzun-kolye-klyaa18xtro-pul\/","title":{"rendered":"Troya Pul &#8211; Uzun Kolye"},"content":{"rendered":"<p>Yunan \u015fairi Homeros&#8217; un efsanevi destan\u0131 \u0130lyada&#8217; n\u0131n ge\u00e7ti\u011fi Troya kenti hazinelerinden d\u00fczenlenen k\u00fclt kolye<\/p>\n<p>M.\u00d6. 2000<\/p>\n<p>18 ayar Alt\u0131n<\/p>\n<p>Kolye standart uzunlu\u011fu 42 cm&#8217;dir.<\/p>\n<p>\u00a0<\/p>","protected":false},"excerpt":{"rendered":"<p>Yunan \u015fairi Homeros&#8217; un efsanevi destan\u0131 \u0130lyada&#8217; n\u0131n ge\u00e7ti\u011fi Troya kenti hazinelerinden d\u00fczenlenen k\u00fclt kolye M.\u00d6. 2000 18 ayar Alt\u0131n Kolye standart uzunlu\u011fu 42 cm&#8217;dir. \u00a0<\/p>","protected":false},"featured_media":3702,"template":"","meta":[],"product_brand":[],"product_cat":[567,562],"product_tag":[90,132,92,103,106,107,207,168],"class_list":{"0":"post-8380","1":"product","2":"type-product","3":"status-publish","4":"has-post-thumbnail","6":"product_cat-kolye","7":"product_cat-mucevher","8":"product_tag-altin","9":"product_tag-eski-tunc-cagi-koleksiyonu","10":"product_tag-gold","11":"product_tag-heritage","12":"product_tag-kolye","13":"product_tag-necklace","14":"product_tag-troya","15":"product_tag-tunc-cagi","17":"first","18":"instock","19":"taxable","20":"shipping-taxable","21":"purchasable","22":"product-type-simple"},"_links":{"self":[{"href":"https:\/\/u.bytf.tk\/en\/wp-json\/wp\/v2\/product\/8380","targetHints":{"allow":["GET"]}}],"collection":[{"href":"https:\/\/u.bytf.tk\/en\/wp-json\/wp\/v2\/product"}],"about":[{"href":"https:\/\/u.bytf.tk\/en\/wp-json\/wp\/v2\/types\/product"}],"wp:featuredmedia":[{"embeddable":true,"href":"https:\/\/u.bytf.tk\/en\/wp-json\/wp\/v2\/media\/3702"}],"wp:attachment":[{"href":"https:\/\/u.bytf.tk\/en\/wp-json\/wp\/v2\/media?parent=8380"}],"wp:term":[{"taxonomy":"product_brand","embeddable":true,"href":"https:\/\/u.bytf.tk\/en\/wp-json\/wp\/v2\/product_brand?post=8380"},{"taxonomy":"product_cat","embeddable":true,"href":"https:\/\/u.bytf.tk\/en\/wp-json\/wp\/v2\/product_cat?post=8380"},{"taxonomy":"product_tag","embeddable":true,"href":"https:\/\/u.bytf.tk\/en\/wp-json\/wp\/v2\/product_tag?post=8380"}],"curies":[{"name":"wp","href":"https:\/\/api.w.org\/{rel}","templated":true}]}}