{"id":8396,"date":"2025-07-13T11:45:03","date_gmt":"2025-07-13T08:45:03","guid":{"rendered":"https:\/\/u.bytf.tk\/product\/serpentin-kupe\/"},"modified":"2025-07-14T09:32:00","modified_gmt":"2025-07-14T06:32:00","slug":"serpentin-kupe-kpeaa10dserpent","status":"publish","type":"product","link":"https:\/\/u.bytf.tk\/en\/product\/serpentin-kupe-kpeaa10dserpent\/","title":{"rendered":"Serpentin K\u00fcpe"},"content":{"rendered":"<p>Roma D\u00f6nemi r\u00f6lyeflerinden esinlenen modern tasar\u0131m<\/p>\n<p>10\u00a0ayar Alt\u0131n, Yakut<\/p>\n<p>\u00a0<\/p>","protected":false},"excerpt":{"rendered":"<p>Roma D\u00f6nemi r\u00f6lyeflerinden esinlenen modern tasar\u0131m 10\u00a0ayar Alt\u0131n, Yakut \u00a0<\/p>","protected":false},"featured_media":3745,"template":"","meta":[],"product_brand":[],"product_cat":[569,562],"product_tag":[90,129,91,92,103,130,139,140,141,210,211],"class_list":{"0":"post-8396","1":"product","2":"type-product","3":"status-publish","4":"has-post-thumbnail","6":"product_cat-kupe","7":"product_cat-mucevher","8":"product_tag-altin","9":"product_tag-earring","10":"product_tag-encoksatan","11":"product_tag-gold","12":"product_tag-heritage","13":"product_tag-kupe","14":"product_tag-roma","15":"product_tag-roma-donemi-koleksiyonu","16":"product_tag-roma-koleksiyonu","17":"product_tag-ruby","18":"product_tag-yakut","20":"first","21":"instock","22":"taxable","23":"shipping-taxable","24":"purchasable","25":"product-type-simple"},"_links":{"self":[{"href":"https:\/\/u.bytf.tk\/en\/wp-json\/wp\/v2\/product\/8396","targetHints":{"allow":["GET"]}}],"collection":[{"href":"https:\/\/u.bytf.tk\/en\/wp-json\/wp\/v2\/product"}],"about":[{"href":"https:\/\/u.bytf.tk\/en\/wp-json\/wp\/v2\/types\/product"}],"wp:featuredmedia":[{"embeddable":true,"href":"https:\/\/u.bytf.tk\/en\/wp-json\/wp\/v2\/media\/3745"}],"wp:attachment":[{"href":"https:\/\/u.bytf.tk\/en\/wp-json\/wp\/v2\/media?parent=8396"}],"wp:term":[{"taxonomy":"product_brand","embeddable":true,"href":"https:\/\/u.bytf.tk\/en\/wp-json\/wp\/v2\/product_brand?post=8396"},{"taxonomy":"product_cat","embeddable":true,"href":"https:\/\/u.bytf.tk\/en\/wp-json\/wp\/v2\/product_cat?post=8396"},{"taxonomy":"product_tag","embeddable":true,"href":"https:\/\/u.bytf.tk\/en\/wp-json\/wp\/v2\/product_tag?post=8396"}],"curies":[{"name":"wp","href":"https:\/\/api.w.org\/{rel}","templated":true}]}}