{"id":8402,"date":"2025-07-13T11:45:03","date_gmt":"2025-07-13T08:45:03","guid":{"rendered":"https:\/\/u.bytf.tk\/product\/thospitis-ikili-kupe\/"},"modified":"2025-07-14T09:32:01","modified_gmt":"2025-07-14T06:32:01","slug":"thospitis-ikili-kupe-kpeag18xthospit","status":"publish","type":"product","link":"https:\/\/u.bytf.tk\/en\/product\/thospitis-ikili-kupe-kpeag18xthospit\/","title":{"rendered":"Thospitis &#8211; \u0130kili K\u00fcpe"},"content":{"rendered":"<p>Bizans kol pazubendinden d\u00fczenlenen ikonik k\u00fcpe<\/p>\n<p>10.yy<\/p>\n<p>18K Gold, 925 Sterling Silver<\/p>\n<p>\u00a0<\/p>","protected":false},"excerpt":{"rendered":"<p>Bizans kol pazubendinden d\u00fczenlenen ikonik k\u00fcpe 10.yy 18 ayar Alt\u0131n, 925 ayar G\u00fcm\u00fc\u015f \u00a0<\/p>","protected":false},"featured_media":3758,"template":"","meta":[],"product_brand":[],"product_cat":[569,562],"product_tag":[90,121,122,109,129,91,92,87,103,130,89,115],"class_list":{"0":"post-8402","1":"product","2":"type-product","3":"status-publish","4":"has-post-thumbnail","6":"product_cat-kupe","7":"product_cat-mucevher","8":"product_tag-altin","9":"product_tag-bizans","10":"product_tag-bizans-koleksiyonu","11":"product_tag-chrismas","12":"product_tag-earring","13":"product_tag-encoksatan","14":"product_tag-gold","15":"product_tag-gumus","16":"product_tag-heritage","17":"product_tag-kupe","18":"product_tag-silver","19":"product_tag-yilbasi","21":"first","22":"instock","23":"taxable","24":"shipping-taxable","25":"purchasable","26":"product-type-simple"},"_links":{"self":[{"href":"https:\/\/u.bytf.tk\/en\/wp-json\/wp\/v2\/product\/8402","targetHints":{"allow":["GET"]}}],"collection":[{"href":"https:\/\/u.bytf.tk\/en\/wp-json\/wp\/v2\/product"}],"about":[{"href":"https:\/\/u.bytf.tk\/en\/wp-json\/wp\/v2\/types\/product"}],"wp:featuredmedia":[{"embeddable":true,"href":"https:\/\/u.bytf.tk\/en\/wp-json\/wp\/v2\/media\/3758"}],"wp:attachment":[{"href":"https:\/\/u.bytf.tk\/en\/wp-json\/wp\/v2\/media?parent=8402"}],"wp:term":[{"taxonomy":"product_brand","embeddable":true,"href":"https:\/\/u.bytf.tk\/en\/wp-json\/wp\/v2\/product_brand?post=8402"},{"taxonomy":"product_cat","embeddable":true,"href":"https:\/\/u.bytf.tk\/en\/wp-json\/wp\/v2\/product_cat?post=8402"},{"taxonomy":"product_tag","embeddable":true,"href":"https:\/\/u.bytf.tk\/en\/wp-json\/wp\/v2\/product_tag?post=8402"}],"curies":[{"name":"wp","href":"https:\/\/api.w.org\/{rel}","templated":true}]}}