{"id":8417,"date":"2025-07-13T11:45:11","date_gmt":"2025-07-13T08:45:11","guid":{"rendered":"https:\/\/u.bytf.tk\/product\/mabet-ii-yuzuk\/"},"modified":"2025-07-14T09:32:11","modified_gmt":"2025-07-14T06:32:11","slug":"mabet-ii-yuzuk-yzkag18xmabetii","status":"publish","type":"product","link":"https:\/\/u.bytf.tk\/en\/product\/mabet-ii-yuzuk-yzkag18xmabetii\/","title":{"rendered":"Mabet II Y\u00fcz\u00fck"},"content":{"rendered":"<p>D\u00fcnya k\u00fclt\u00fcr miras\u0131 G\u00f6beklitepe&#8217;nin g\u00f6k g\u00fc\u00e7lerine adanan tap\u0131naklar\u0131nda her t\u00fcrl\u00fc k\u00f6t\u00fc g\u00fc\u00e7ten koruyan hayvan fig\u00fcrlerinin sembolizmine yenilik\u00e7i bir dokunu\u015f&#8230;Sanat\u0131n ruhu ar\u0131nd\u0131ran g\u00fcc\u00fcn\u00fc yans\u0131tan ikonik y\u00fcz\u00fck<\/p>\n<p>M.\u00d6. 12.000<\/p>\n<p>18 ayar Alt\u0131n, 925 ayar G\u00fcm\u00fc\u015f, Kahverengi P\u0131rlanta<\/p>\n<p>\u00a0<\/p>","protected":false},"excerpt":{"rendered":"<p>D\u00fcnya k\u00fclt\u00fcr miras\u0131 G\u00f6beklitepe&#8217;nin g\u00f6k g\u00fc\u00e7lerine adanan tap\u0131naklar\u0131nda her t\u00fcrl\u00fc k\u00f6t\u00fc g\u00fc\u00e7ten koruyan hayvan fig\u00fcrlerinin sembolizmine yenilik\u00e7i bir dokunu\u015f&#8230;Sanat\u0131n ruhu ar\u0131nd\u0131ran g\u00fcc\u00fcn\u00fc yans\u0131tan ikonik y\u00fcz\u00fck M.\u00d6. 12.000 18 ayar Alt\u0131n, 925 ayar G\u00fcm\u00fc\u015f, Kahverengi P\u0131rlanta \u00a0<\/p>","protected":false},"featured_media":3787,"template":"","meta":[],"product_brand":[],"product_cat":[580,562,565,571],"product_tag":[90,93,91,195,196,92,87,103,94,145,89,148],"class_list":{"0":"post-8417","1":"product","2":"type-product","3":"status-publish","4":"has-post-thumbnail","6":"product_cat-gobeklitepe","7":"product_cat-mucevher","8":"product_cat-urart-heritage","9":"product_cat-yuzuk","10":"product_tag-altin","11":"product_tag-diamond","12":"product_tag-encoksatan","13":"product_tag-gobeklitepe","14":"product_tag-gobeklitepe-koleksiyonu","15":"product_tag-gold","16":"product_tag-gumus","17":"product_tag-heritage","18":"product_tag-pirlanta","19":"product_tag-ring","20":"product_tag-silver","21":"product_tag-yuzuk","23":"first","24":"instock","25":"taxable","26":"shipping-taxable","27":"purchasable","28":"product-type-variable"},"_links":{"self":[{"href":"https:\/\/u.bytf.tk\/en\/wp-json\/wp\/v2\/product\/8417","targetHints":{"allow":["GET"]}}],"collection":[{"href":"https:\/\/u.bytf.tk\/en\/wp-json\/wp\/v2\/product"}],"about":[{"href":"https:\/\/u.bytf.tk\/en\/wp-json\/wp\/v2\/types\/product"}],"wp:featuredmedia":[{"embeddable":true,"href":"https:\/\/u.bytf.tk\/en\/wp-json\/wp\/v2\/media\/3787"}],"wp:attachment":[{"href":"https:\/\/u.bytf.tk\/en\/wp-json\/wp\/v2\/media?parent=8417"}],"wp:term":[{"taxonomy":"product_brand","embeddable":true,"href":"https:\/\/u.bytf.tk\/en\/wp-json\/wp\/v2\/product_brand?post=8417"},{"taxonomy":"product_cat","embeddable":true,"href":"https:\/\/u.bytf.tk\/en\/wp-json\/wp\/v2\/product_cat?post=8417"},{"taxonomy":"product_tag","embeddable":true,"href":"https:\/\/u.bytf.tk\/en\/wp-json\/wp\/v2\/product_tag?post=8417"}],"curies":[{"name":"wp","href":"https:\/\/api.w.org\/{rel}","templated":true}]}}