{"id":8424,"date":"2025-07-13T11:45:19","date_gmt":"2025-07-13T08:45:19","guid":{"rendered":"https:\/\/u.bytf.tk\/product\/shell-panels-beyaz-yuzuk\/"},"modified":"2025-07-14T09:32:14","modified_gmt":"2025-07-14T06:32:14","slug":"shell-panels-beyaz-yuzuk-yzkaa18dshell-p","status":"publish","type":"product","link":"https:\/\/u.bytf.tk\/en\/product\/shell-panels-beyaz-yuzuk-yzkaa18dshell-p\/","title":{"rendered":"Shell Panels &#8211; Beyaz Y\u00fcz\u00fck"},"content":{"rendered":"<p>\u0130nci \u00fcretim merkezlerindeki filelerden ilham alan ikonik tasar\u0131m<\/p>\n<p>18 ayar Alt\u0131n, P\u0131rlanta<\/p>\n<p>\u00a0<\/p>","protected":false},"excerpt":{"rendered":"<p>\u0130nci \u00fcretim merkezlerindeki filelerden ilham alan ikonik tasar\u0131m 18 ayar Alt\u0131n, P\u0131rlanta \u00a0<\/p>","protected":false},"featured_media":3810,"template":"","meta":[],"product_brand":[],"product_cat":[562,571],"product_tag":[90,86,93,92,88,94,145,148],"class_list":{"0":"post-8424","1":"product","2":"type-product","3":"status-publish","4":"has-post-thumbnail","6":"product_cat-mucevher","7":"product_cat-yuzuk","8":"product_tag-altin","9":"product_tag-contemporary","10":"product_tag-diamond","11":"product_tag-gold","12":"product_tag-modern","13":"product_tag-pirlanta","14":"product_tag-ring","15":"product_tag-yuzuk","17":"first","18":"instock","19":"taxable","20":"shipping-taxable","21":"purchasable","22":"product-type-variable"},"_links":{"self":[{"href":"https:\/\/u.bytf.tk\/en\/wp-json\/wp\/v2\/product\/8424","targetHints":{"allow":["GET"]}}],"collection":[{"href":"https:\/\/u.bytf.tk\/en\/wp-json\/wp\/v2\/product"}],"about":[{"href":"https:\/\/u.bytf.tk\/en\/wp-json\/wp\/v2\/types\/product"}],"wp:featuredmedia":[{"embeddable":true,"href":"https:\/\/u.bytf.tk\/en\/wp-json\/wp\/v2\/media\/3810"}],"wp:attachment":[{"href":"https:\/\/u.bytf.tk\/en\/wp-json\/wp\/v2\/media?parent=8424"}],"wp:term":[{"taxonomy":"product_brand","embeddable":true,"href":"https:\/\/u.bytf.tk\/en\/wp-json\/wp\/v2\/product_brand?post=8424"},{"taxonomy":"product_cat","embeddable":true,"href":"https:\/\/u.bytf.tk\/en\/wp-json\/wp\/v2\/product_cat?post=8424"},{"taxonomy":"product_tag","embeddable":true,"href":"https:\/\/u.bytf.tk\/en\/wp-json\/wp\/v2\/product_tag?post=8424"}],"curies":[{"name":"wp","href":"https:\/\/api.w.org\/{rel}","templated":true}]}}