{"id":8429,"date":"2025-07-13T11:45:19","date_gmt":"2025-07-13T08:45:19","guid":{"rendered":"https:\/\/u.bytf.tk\/product\/troya-yivli-yuzuk\/"},"modified":"2025-07-14T09:32:22","modified_gmt":"2025-07-14T06:32:22","slug":"troya-yivli-yuzuk-ilk-yz18aatroy-yiv","status":"publish","type":"product","link":"https:\/\/u.bytf.tk\/en\/product\/troya-yivli-yuzuk-ilk-yz18aatroy-yiv\/","title":{"rendered":"Troya Yivli Y\u00fcz\u00fck"},"content":{"rendered":"<p>Yunan \u015fairi Homeros&#8217; un efsanevi destan\u0131 \u0130lyada&#8217; n\u0131n ge\u00e7ti\u011fi Truva kenti hazinelerinden d\u00fczenlenen\u00a0 k\u00fclt y\u00fcz\u00fck<\/p>\n<p>M.\u00d6. 2000<\/p>\n<p>18 ayar Alt\u0131n<\/p>\n<p>\u00a0<\/p>","protected":false},"excerpt":{"rendered":"<p>Yunan \u015fairi Homeros&#8217; un efsanevi destan\u0131 \u0130lyada&#8217; n\u0131n ge\u00e7ti\u011fi Truva kenti hazinelerinden d\u00fczenlenen\u00a0 k\u00fclt y\u00fcz\u00fck M.\u00d6. 2000 18 ayar Alt\u0131n \u00a0<\/p>","protected":false},"featured_media":3822,"template":"","meta":[],"product_brand":[],"product_cat":[562,571],"product_tag":[90,132,92,103,145,207,168,148],"class_list":{"0":"post-8429","1":"product","2":"type-product","3":"status-publish","4":"has-post-thumbnail","6":"product_cat-mucevher","7":"product_cat-yuzuk","8":"product_tag-altin","9":"product_tag-eski-tunc-cagi-koleksiyonu","10":"product_tag-gold","11":"product_tag-heritage","12":"product_tag-ring","13":"product_tag-troya","14":"product_tag-tunc-cagi","15":"product_tag-yuzuk","17":"first","18":"instock","19":"taxable","20":"shipping-taxable","21":"purchasable","22":"product-type-variable"},"_links":{"self":[{"href":"https:\/\/u.bytf.tk\/en\/wp-json\/wp\/v2\/product\/8429","targetHints":{"allow":["GET"]}}],"collection":[{"href":"https:\/\/u.bytf.tk\/en\/wp-json\/wp\/v2\/product"}],"about":[{"href":"https:\/\/u.bytf.tk\/en\/wp-json\/wp\/v2\/types\/product"}],"wp:featuredmedia":[{"embeddable":true,"href":"https:\/\/u.bytf.tk\/en\/wp-json\/wp\/v2\/media\/3822"}],"wp:attachment":[{"href":"https:\/\/u.bytf.tk\/en\/wp-json\/wp\/v2\/media?parent=8429"}],"wp:term":[{"taxonomy":"product_brand","embeddable":true,"href":"https:\/\/u.bytf.tk\/en\/wp-json\/wp\/v2\/product_brand?post=8429"},{"taxonomy":"product_cat","embeddable":true,"href":"https:\/\/u.bytf.tk\/en\/wp-json\/wp\/v2\/product_cat?post=8429"},{"taxonomy":"product_tag","embeddable":true,"href":"https:\/\/u.bytf.tk\/en\/wp-json\/wp\/v2\/product_tag?post=8429"}],"curies":[{"name":"wp","href":"https:\/\/api.w.org\/{rel}","templated":true}]}}