{"id":8430,"date":"2025-07-13T11:45:19","date_gmt":"2025-07-13T08:45:19","guid":{"rendered":"https:\/\/u.bytf.tk\/product\/tyrsos-sari-yuzuk\/"},"modified":"2025-07-14T09:32:22","modified_gmt":"2025-07-14T06:32:22","slug":"tyrsos-sari-yuzuk-yzkaa18xtyrsos0","status":"publish","type":"product","link":"https:\/\/u.bytf.tk\/en\/product\/tyrsos-sari-yuzuk-yzkaa18xtyrsos0\/","title":{"rendered":"Tyrsos &#8211; Sar\u0131 Y\u00fcz\u00fck"},"content":{"rendered":"<p>Dionysos k\u00fclt\u00fcn\u00fcn bereket ve bolluk\u00a0 sembol\u00fc sarma\u015f\u0131k yapra\u011f\u0131ndan d\u00fczenleme.<\/p>\n<p>18 ayar Alt\u0131n<\/p>\n<p>\u00a0<\/p>","protected":false},"excerpt":{"rendered":"<p>Dionysos k\u00fclt\u00fcn\u00fcn bereket ve bolluk\u00a0 sembol\u00fc sarma\u015f\u0131k yapra\u011f\u0131ndan d\u00fczenleme. 18 ayar Alt\u0131n \u00a0<\/p>","protected":false},"featured_media":3826,"template":"","meta":[],"product_brand":[],"product_cat":[570,562,565,571],"product_tag":[90,133,134,92,103,145,148],"class_list":{"0":"post-8430","1":"product","2":"type-product","3":"status-publish","4":"has-post-thumbnail","6":"product_cat-dionysos","7":"product_cat-mucevher","8":"product_cat-urart-heritage","9":"product_cat-yuzuk","10":"product_tag-altin","11":"product_tag-dionysos","12":"product_tag-dionysos-koleksiyonu","13":"product_tag-gold","14":"product_tag-heritage","15":"product_tag-ring","16":"product_tag-yuzuk","18":"first","19":"instock","20":"taxable","21":"shipping-taxable","22":"purchasable","23":"product-type-variable"},"_links":{"self":[{"href":"https:\/\/u.bytf.tk\/en\/wp-json\/wp\/v2\/product\/8430","targetHints":{"allow":["GET"]}}],"collection":[{"href":"https:\/\/u.bytf.tk\/en\/wp-json\/wp\/v2\/product"}],"about":[{"href":"https:\/\/u.bytf.tk\/en\/wp-json\/wp\/v2\/types\/product"}],"wp:featuredmedia":[{"embeddable":true,"href":"https:\/\/u.bytf.tk\/en\/wp-json\/wp\/v2\/media\/3826"}],"wp:attachment":[{"href":"https:\/\/u.bytf.tk\/en\/wp-json\/wp\/v2\/media?parent=8430"}],"wp:term":[{"taxonomy":"product_brand","embeddable":true,"href":"https:\/\/u.bytf.tk\/en\/wp-json\/wp\/v2\/product_brand?post=8430"},{"taxonomy":"product_cat","embeddable":true,"href":"https:\/\/u.bytf.tk\/en\/wp-json\/wp\/v2\/product_cat?post=8430"},{"taxonomy":"product_tag","embeddable":true,"href":"https:\/\/u.bytf.tk\/en\/wp-json\/wp\/v2\/product_tag?post=8430"}],"curies":[{"name":"wp","href":"https:\/\/api.w.org\/{rel}","templated":true}]}}