{"id":8431,"date":"2025-07-13T11:45:19","date_gmt":"2025-07-13T08:45:19","guid":{"rendered":"https:\/\/u.bytf.tk\/product\/urartu-kemer-yuzuk\/"},"modified":"2025-07-14T09:32:23","modified_gmt":"2025-07-14T06:32:23","slug":"urartu-kemer-yuzuk-yzkag18xurt-kem","status":"publish","type":"product","link":"https:\/\/u.bytf.tk\/en\/product\/urartu-kemer-yuzuk-yzkag18xurt-kem\/","title":{"rendered":"Urartu Kemer Y\u00fcz\u00fck"},"content":{"rendered":"<p>Urartu uygarl\u0131\u011f\u0131 kal\u0131nt\u0131lar\u0131ndan esinlenilen ikonik\u00a0 y\u00fcz\u00fck<\/p>\n<p>18K Gold, 925 Sterling Silver<\/p>\n<p>\u00a0<\/p>","protected":false},"excerpt":{"rendered":"<p>Urartu uygarl\u0131\u011f\u0131 kal\u0131nt\u0131lar\u0131ndan esinlenilen ikonik\u00a0 y\u00fcz\u00fck 18 ayar Alt\u0131n, 925 ayar G\u00fcm\u00fc\u015f \u00a0<\/p>","protected":false},"featured_media":3827,"template":"","meta":[],"product_brand":[],"product_cat":[562,565,581,571],"product_tag":[90,91,92,87,103,145,89,104,105,148],"class_list":{"0":"post-8431","1":"product","2":"type-product","3":"status-publish","4":"has-post-thumbnail","6":"product_cat-mucevher","7":"product_cat-urart-heritage","8":"product_cat-urartu","9":"product_cat-yuzuk","10":"product_tag-altin","11":"product_tag-encoksatan","12":"product_tag-gold","13":"product_tag-gumus","14":"product_tag-heritage","15":"product_tag-ring","16":"product_tag-silver","17":"product_tag-urartu","18":"product_tag-urartu-koleksiyonu","19":"product_tag-yuzuk","21":"first","22":"instock","23":"taxable","24":"shipping-taxable","25":"purchasable","26":"product-type-variable"},"_links":{"self":[{"href":"https:\/\/u.bytf.tk\/en\/wp-json\/wp\/v2\/product\/8431","targetHints":{"allow":["GET"]}}],"collection":[{"href":"https:\/\/u.bytf.tk\/en\/wp-json\/wp\/v2\/product"}],"about":[{"href":"https:\/\/u.bytf.tk\/en\/wp-json\/wp\/v2\/types\/product"}],"wp:featuredmedia":[{"embeddable":true,"href":"https:\/\/u.bytf.tk\/en\/wp-json\/wp\/v2\/media\/3827"}],"wp:attachment":[{"href":"https:\/\/u.bytf.tk\/en\/wp-json\/wp\/v2\/media?parent=8431"}],"wp:term":[{"taxonomy":"product_brand","embeddable":true,"href":"https:\/\/u.bytf.tk\/en\/wp-json\/wp\/v2\/product_brand?post=8431"},{"taxonomy":"product_cat","embeddable":true,"href":"https:\/\/u.bytf.tk\/en\/wp-json\/wp\/v2\/product_cat?post=8431"},{"taxonomy":"product_tag","embeddable":true,"href":"https:\/\/u.bytf.tk\/en\/wp-json\/wp\/v2\/product_tag?post=8431"}],"curies":[{"name":"wp","href":"https:\/\/api.w.org\/{rel}","templated":true}]}}