{"id":8473,"date":"2025-07-13T11:45:37","date_gmt":"2025-07-13T08:45:37","guid":{"rendered":"https:\/\/u.bytf.tk\/product\/karga-16-cm-canak\/"},"modified":"2025-07-14T09:32:32","modified_gmt":"2025-07-14T06:32:32","slug":"karga-16-cm-canak-cnkbrxkarga-16c","status":"publish","type":"product","link":"https:\/\/u.bytf.tk\/en\/product\/karga-16-cm-canak-cnkbrxkarga-16c\/","title":{"rendered":"Karga &#8211; 16 cm \u00c7anak"},"content":{"rendered":"<p>Ne\u015fe ve mutluluk veren,\u00a0 haber beklentisini ve hasreti simgeleyen g\u00f6\u011f\u00fcn kutsal varl\u0131klar\u0131 karga fig\u00fcrl\u00fc \u00e7anak<\/p>\n<p>Bronz, Beyaz mermer<\/p>\n<p>\u00c7ap : 16 cm<\/p>\n<p>\u00a0<\/p>","protected":false},"excerpt":{"rendered":"<p>Ne\u015fe ve mutluluk veren,\u00a0 haber beklentisini ve hasreti simgeleyen g\u00f6\u011f\u00fcn kutsal varl\u0131klar\u0131 karga fig\u00fcrl\u00fc \u00e7anak Bronz, Beyaz mermer \u00c7ap : 16 cm \u00a0<\/p>","protected":false},"featured_media":3943,"template":"","meta":[],"product_brand":[],"product_cat":[573,572],"product_tag":[175,84,85,177,86,97,98,217,152,153,156],"class_list":{"0":"post-8473","1":"product","2":"type-product","3":"status-publish","4":"has-post-thumbnail","6":"product_cat-canak","7":"product_cat-home","8":"product_tag-bowl","9":"product_tag-bronz","10":"product_tag-bronze","11":"product_tag-canak","12":"product_tag-contemporary","13":"product_tag-fauna","14":"product_tag-fauna-koleksiyonu","15":"product_tag-karga","16":"product_tag-marble","17":"product_tag-mermer","18":"product_tag-obje","20":"first","21":"instock","22":"taxable","23":"shipping-taxable","24":"purchasable","25":"product-type-simple"},"_links":{"self":[{"href":"https:\/\/u.bytf.tk\/en\/wp-json\/wp\/v2\/product\/8473","targetHints":{"allow":["GET"]}}],"collection":[{"href":"https:\/\/u.bytf.tk\/en\/wp-json\/wp\/v2\/product"}],"about":[{"href":"https:\/\/u.bytf.tk\/en\/wp-json\/wp\/v2\/types\/product"}],"wp:featuredmedia":[{"embeddable":true,"href":"https:\/\/u.bytf.tk\/en\/wp-json\/wp\/v2\/media\/3943"}],"wp:attachment":[{"href":"https:\/\/u.bytf.tk\/en\/wp-json\/wp\/v2\/media?parent=8473"}],"wp:term":[{"taxonomy":"product_brand","embeddable":true,"href":"https:\/\/u.bytf.tk\/en\/wp-json\/wp\/v2\/product_brand?post=8473"},{"taxonomy":"product_cat","embeddable":true,"href":"https:\/\/u.bytf.tk\/en\/wp-json\/wp\/v2\/product_cat?post=8473"},{"taxonomy":"product_tag","embeddable":true,"href":"https:\/\/u.bytf.tk\/en\/wp-json\/wp\/v2\/product_tag?post=8473"}],"curies":[{"name":"wp","href":"https:\/\/api.w.org\/{rel}","templated":true}]}}