{"id":8477,"date":"2025-07-13T11:45:37","date_gmt":"2025-07-13T08:45:37","guid":{"rendered":"https:\/\/u.bytf.tk\/product\/morope-canak\/"},"modified":"2025-07-14T09:32:33","modified_gmt":"2025-07-14T06:32:33","slug":"morope-canak-cnkgoxmorope000","status":"publish","type":"product","link":"https:\/\/u.bytf.tk\/en\/product\/morope-canak-cnkgoxmorope000\/","title":{"rendered":"Morope \u00c7anak"},"content":{"rendered":"<p>Anadolu Tun\u00e7 Devri idollerinden Hitit Tanr\u0131\u00e7as\u0131 fig\u00fcrl\u00fc \u00e7anak<\/p>\n<p>925 ayar G\u00fcm\u00fc\u015f<\/p>\n<p>\u00c7ap : 12 cm, Y\u00fckseklik : 9 cm<\/p>\n<p>\u00a0<\/p>","protected":false},"excerpt":{"rendered":"<p>Anadolu Tun\u00e7 Devri idollerinden Hitit Tanr\u0131\u00e7as\u0131 fig\u00fcrl\u00fc \u00e7anak 925 ayar G\u00fcm\u00fc\u015f \u00c7ap : 12 cm, Y\u00fckseklik : 9 cm \u00a0<\/p>","protected":false},"featured_media":3951,"template":"","meta":[],"product_brand":[],"product_cat":[573,572],"product_tag":[175,177,91,132,87,103,191,156,89,168],"class_list":{"0":"post-8477","1":"product","2":"type-product","3":"status-publish","4":"has-post-thumbnail","6":"product_cat-canak","7":"product_cat-home","8":"product_tag-bowl","9":"product_tag-canak","10":"product_tag-encoksatan","11":"product_tag-eski-tunc-cagi-koleksiyonu","12":"product_tag-gumus","13":"product_tag-heritage","14":"product_tag-hitit","15":"product_tag-obje","16":"product_tag-silver","17":"product_tag-tunc-cagi","19":"first","20":"instock","21":"taxable","22":"shipping-taxable","23":"purchasable","24":"product-type-simple"},"_links":{"self":[{"href":"https:\/\/u.bytf.tk\/en\/wp-json\/wp\/v2\/product\/8477","targetHints":{"allow":["GET"]}}],"collection":[{"href":"https:\/\/u.bytf.tk\/en\/wp-json\/wp\/v2\/product"}],"about":[{"href":"https:\/\/u.bytf.tk\/en\/wp-json\/wp\/v2\/types\/product"}],"wp:featuredmedia":[{"embeddable":true,"href":"https:\/\/u.bytf.tk\/en\/wp-json\/wp\/v2\/media\/3951"}],"wp:attachment":[{"href":"https:\/\/u.bytf.tk\/en\/wp-json\/wp\/v2\/media?parent=8477"}],"wp:term":[{"taxonomy":"product_brand","embeddable":true,"href":"https:\/\/u.bytf.tk\/en\/wp-json\/wp\/v2\/product_brand?post=8477"},{"taxonomy":"product_cat","embeddable":true,"href":"https:\/\/u.bytf.tk\/en\/wp-json\/wp\/v2\/product_cat?post=8477"},{"taxonomy":"product_tag","embeddable":true,"href":"https:\/\/u.bytf.tk\/en\/wp-json\/wp\/v2\/product_tag?post=8477"}],"curies":[{"name":"wp","href":"https:\/\/api.w.org\/{rel}","templated":true}]}}