{"id":8478,"date":"2025-07-13T11:45:37","date_gmt":"2025-07-13T08:45:37","guid":{"rendered":"https:\/\/u.bytf.tk\/product\/solen-buyuk-canak\/"},"modified":"2025-07-14T09:32:33","modified_gmt":"2025-07-14T06:32:33","slug":"solen-buyuk-canak-cnkgoxsolen-buy","status":"publish","type":"product","link":"https:\/\/u.bytf.tk\/en\/product\/solen-buyuk-canak-cnkgoxsolen-buy\/","title":{"rendered":"\u015e\u00f6len &#8211; B\u00fcy\u00fck \u00c7anak"},"content":{"rendered":"<p>Do\u011fa, bolluk ve \u015farap tanr\u0131s\u0131 Dionysos \u015f\u00f6lenleri fig\u00fcrl\u00fc \u00e7anak<\/p>\n<p>925 ayar G\u00fcm\u00fc\u015f, Bordo Mermer<\/p>\n<p>\u00c7ap : 28,5 cm\u00a0\u00a0<\/p>\n<p>Y\u00fckseklik : 6 cm<\/p>\n<p>\u00a0<\/p>","protected":false},"excerpt":{"rendered":"<p>Do\u011fa, bolluk ve \u015farap tanr\u0131s\u0131 Dionysos \u015f\u00f6lenleri fig\u00fcrl\u00fc \u00e7anak 925 ayar G\u00fcm\u00fc\u015f, Bordo Mermer \u00c7ap : 28,5 cm\u00a0\u00a0 Y\u00fckseklik : 6 cm \u00a0<\/p>","protected":false},"featured_media":3954,"template":"","meta":[],"product_brand":[],"product_cat":[573,570,572,565],"product_tag":[175,177,109,133,134,91,87,103,152,153,89,115],"class_list":{"0":"post-8478","1":"product","2":"type-product","3":"status-publish","4":"has-post-thumbnail","6":"product_cat-canak","7":"product_cat-dionysos","8":"product_cat-home","9":"product_cat-urart-heritage","10":"product_tag-bowl","11":"product_tag-canak","12":"product_tag-chrismas","13":"product_tag-dionysos","14":"product_tag-dionysos-koleksiyonu","15":"product_tag-encoksatan","16":"product_tag-gumus","17":"product_tag-heritage","18":"product_tag-marble","19":"product_tag-mermer","20":"product_tag-silver","21":"product_tag-yilbasi","23":"first","24":"instock","25":"taxable","26":"shipping-taxable","27":"purchasable","28":"product-type-simple"},"_links":{"self":[{"href":"https:\/\/u.bytf.tk\/en\/wp-json\/wp\/v2\/product\/8478","targetHints":{"allow":["GET"]}}],"collection":[{"href":"https:\/\/u.bytf.tk\/en\/wp-json\/wp\/v2\/product"}],"about":[{"href":"https:\/\/u.bytf.tk\/en\/wp-json\/wp\/v2\/types\/product"}],"wp:featuredmedia":[{"embeddable":true,"href":"https:\/\/u.bytf.tk\/en\/wp-json\/wp\/v2\/media\/3954"}],"wp:attachment":[{"href":"https:\/\/u.bytf.tk\/en\/wp-json\/wp\/v2\/media?parent=8478"}],"wp:term":[{"taxonomy":"product_brand","embeddable":true,"href":"https:\/\/u.bytf.tk\/en\/wp-json\/wp\/v2\/product_brand?post=8478"},{"taxonomy":"product_cat","embeddable":true,"href":"https:\/\/u.bytf.tk\/en\/wp-json\/wp\/v2\/product_cat?post=8478"},{"taxonomy":"product_tag","embeddable":true,"href":"https:\/\/u.bytf.tk\/en\/wp-json\/wp\/v2\/product_tag?post=8478"}],"curies":[{"name":"wp","href":"https:\/\/api.w.org\/{rel}","templated":true}]}}