{"id":8496,"date":"2025-07-13T11:45:47","date_gmt":"2025-07-13T08:45:47","guid":{"rendered":"https:\/\/u.bytf.tk\/product\/fibula-yuvarlak-tepsi\/"},"modified":"2025-07-14T09:32:39","modified_gmt":"2025-07-14T06:32:39","slug":"fibula-yuvarlak-tepsi-tpsbrxfibula-yu","status":"publish","type":"product","link":"https:\/\/u.bytf.tk\/en\/product\/fibula-yuvarlak-tepsi-tpsbrxfibula-yu\/","title":{"rendered":"Fibula Yuvarlak Tepsi"},"content":{"rendered":"<p>Bizans D\u00f6nemi bronz e\u015fyalardan uyarlama , 11.- 12. yy.<\/p>\n<p>Bronz, Mermer<\/p>\n<p>Tepsi \u00c7ap : 29 cm<\/p>\n<p>\u00a0<\/p>","protected":false},"excerpt":{"rendered":"<p>Bizans D\u00f6nemi bronz e\u015fyalardan uyarlama , 11.- 12. yy. Bronz, Mermer Tepsi \u00c7ap : 29 cm \u00a0<\/p>","protected":false},"featured_media":4009,"template":"","meta":[],"product_brand":[],"product_cat":[572,575],"product_tag":[84,85,228,152,153,156,139,140,141,229,230],"class_list":{"0":"post-8496","1":"product","2":"type-product","3":"status-publish","4":"has-post-thumbnail","6":"product_cat-home","7":"product_cat-sofra","8":"product_tag-bronz","9":"product_tag-bronze","10":"product_tag-fibula","11":"product_tag-marble","12":"product_tag-mermer","13":"product_tag-obje","14":"product_tag-roma","15":"product_tag-roma-donemi-koleksiyonu","16":"product_tag-roma-koleksiyonu","17":"product_tag-tepsi","18":"product_tag-tray","20":"first","21":"instock","22":"taxable","23":"shipping-taxable","24":"purchasable","25":"product-type-simple"},"_links":{"self":[{"href":"https:\/\/u.bytf.tk\/en\/wp-json\/wp\/v2\/product\/8496","targetHints":{"allow":["GET"]}}],"collection":[{"href":"https:\/\/u.bytf.tk\/en\/wp-json\/wp\/v2\/product"}],"about":[{"href":"https:\/\/u.bytf.tk\/en\/wp-json\/wp\/v2\/types\/product"}],"wp:featuredmedia":[{"embeddable":true,"href":"https:\/\/u.bytf.tk\/en\/wp-json\/wp\/v2\/media\/4009"}],"wp:attachment":[{"href":"https:\/\/u.bytf.tk\/en\/wp-json\/wp\/v2\/media?parent=8496"}],"wp:term":[{"taxonomy":"product_brand","embeddable":true,"href":"https:\/\/u.bytf.tk\/en\/wp-json\/wp\/v2\/product_brand?post=8496"},{"taxonomy":"product_cat","embeddable":true,"href":"https:\/\/u.bytf.tk\/en\/wp-json\/wp\/v2\/product_cat?post=8496"},{"taxonomy":"product_tag","embeddable":true,"href":"https:\/\/u.bytf.tk\/en\/wp-json\/wp\/v2\/product_tag?post=8496"}],"curies":[{"name":"wp","href":"https:\/\/api.w.org\/{rel}","templated":true}]}}