{"id":8497,"date":"2025-07-13T11:45:47","date_gmt":"2025-07-13T08:45:47","guid":{"rendered":"https:\/\/u.bytf.tk\/product\/figurlu-ayna\/"},"modified":"2025-07-14T09:32:40","modified_gmt":"2025-07-14T06:32:40","slug":"figurlu-ayna-ayngoyfigurlu00","status":"publish","type":"product","link":"https:\/\/u.bytf.tk\/en\/product\/figurlu-ayna-ayngoyfigurlu00\/","title":{"rendered":"Figured Mirror"},"content":{"rendered":"<p>Anadolu Pers sanat\u0131ndan esinlenen ayna \u00a0 4.-5. yy<\/p>\n<p>925 ayar G\u00fcm\u00fc\u015f, Ye\u015fil Mermer<\/p>\n<p>Ayna \u00e7ap\u0131 : 15,5 cm<\/p>\n<p>Uzunluk : 32 cm<\/p>\n<p>\u00a0<\/p>","protected":false},"excerpt":{"rendered":"<p>Anadolu Pers sanat\u0131ndan esinlenen ayna \u00a0 4.-5. yy 925 ayar G\u00fcm\u00fc\u015f, Ye\u015fil Mermer Ayna \u00e7ap\u0131 : 15,5 cm Uzunluk : 32 cm \u00a0<\/p>","protected":false},"featured_media":4014,"template":"","meta":[],"product_brand":[],"product_cat":[587,572],"product_tag":[117,118,231,91,87,152,153,232,156,89],"class_list":{"0":"post-8497","1":"product","2":"type-product","3":"status-publish","4":"has-post-thumbnail","6":"product_cat-diger","7":"product_cat-home","8":"product_tag-arkaik","9":"product_tag-arkaik-koleksiyonu","10":"product_tag-ayna","11":"product_tag-encoksatan","12":"product_tag-gumus","13":"product_tag-marble","14":"product_tag-mermer","15":"product_tag-mirror","16":"product_tag-obje","17":"product_tag-silver","19":"first","20":"instock","21":"taxable","22":"shipping-taxable","23":"purchasable","24":"product-type-simple"},"_links":{"self":[{"href":"https:\/\/u.bytf.tk\/en\/wp-json\/wp\/v2\/product\/8497","targetHints":{"allow":["GET"]}}],"collection":[{"href":"https:\/\/u.bytf.tk\/en\/wp-json\/wp\/v2\/product"}],"about":[{"href":"https:\/\/u.bytf.tk\/en\/wp-json\/wp\/v2\/types\/product"}],"wp:featuredmedia":[{"embeddable":true,"href":"https:\/\/u.bytf.tk\/en\/wp-json\/wp\/v2\/media\/4014"}],"wp:attachment":[{"href":"https:\/\/u.bytf.tk\/en\/wp-json\/wp\/v2\/media?parent=8497"}],"wp:term":[{"taxonomy":"product_brand","embeddable":true,"href":"https:\/\/u.bytf.tk\/en\/wp-json\/wp\/v2\/product_brand?post=8497"},{"taxonomy":"product_cat","embeddable":true,"href":"https:\/\/u.bytf.tk\/en\/wp-json\/wp\/v2\/product_cat?post=8497"},{"taxonomy":"product_tag","embeddable":true,"href":"https:\/\/u.bytf.tk\/en\/wp-json\/wp\/v2\/product_tag?post=8497"}],"curies":[{"name":"wp","href":"https:\/\/api.w.org\/{rel}","templated":true}]}}