{"id":8522,"date":"2025-07-13T11:46:06","date_gmt":"2025-07-13T08:46:06","guid":{"rendered":"https:\/\/u.bytf.tk\/product\/tel-zincir-bilezik\/"},"modified":"2025-07-14T09:32:47","modified_gmt":"2025-07-14T06:32:47","slug":"tel-zincir-bilezik-zncaa18xtel0000","status":"publish","type":"product","link":"https:\/\/u.bytf.tk\/en\/product\/tel-zincir-bilezik-zncaa18xtel0000\/","title":{"rendered":"Tel Zincir Bilezik"},"content":{"rendered":"<p>Bracelet designed with modern lines<\/p>\n<p>18 ayar Alt\u0131n<\/p>\n<p>\u00a0<\/p>","protected":false},"excerpt":{"rendered":"<p>Modern \u00e7izgilerle dizayn edilmi\u015f bilezik 18 ayar Alt\u0131n \u00a0<\/p>","protected":false},"featured_media":4131,"template":"","meta":[],"product_brand":[],"product_cat":[563,562],"product_tag":[90,82,83,92,103,139,140,141],"class_list":{"0":"post-8522","1":"product","2":"type-product","3":"status-publish","4":"has-post-thumbnail","6":"product_cat-bilezik","7":"product_cat-mucevher","8":"product_tag-altin","9":"product_tag-bilezik","10":"product_tag-bracelet","11":"product_tag-gold","12":"product_tag-heritage","13":"product_tag-roma","14":"product_tag-roma-donemi-koleksiyonu","15":"product_tag-roma-koleksiyonu","17":"first","18":"instock","19":"taxable","20":"shipping-taxable","21":"purchasable","22":"product-type-simple"},"_links":{"self":[{"href":"https:\/\/u.bytf.tk\/en\/wp-json\/wp\/v2\/product\/8522","targetHints":{"allow":["GET"]}}],"collection":[{"href":"https:\/\/u.bytf.tk\/en\/wp-json\/wp\/v2\/product"}],"about":[{"href":"https:\/\/u.bytf.tk\/en\/wp-json\/wp\/v2\/types\/product"}],"wp:featuredmedia":[{"embeddable":true,"href":"https:\/\/u.bytf.tk\/en\/wp-json\/wp\/v2\/media\/4131"}],"wp:attachment":[{"href":"https:\/\/u.bytf.tk\/en\/wp-json\/wp\/v2\/media?parent=8522"}],"wp:term":[{"taxonomy":"product_brand","embeddable":true,"href":"https:\/\/u.bytf.tk\/en\/wp-json\/wp\/v2\/product_brand?post=8522"},{"taxonomy":"product_cat","embeddable":true,"href":"https:\/\/u.bytf.tk\/en\/wp-json\/wp\/v2\/product_cat?post=8522"},{"taxonomy":"product_tag","embeddable":true,"href":"https:\/\/u.bytf.tk\/en\/wp-json\/wp\/v2\/product_tag?post=8522"}],"curies":[{"name":"wp","href":"https:\/\/api.w.org\/{rel}","templated":true}]}}