{"id":8527,"date":"2025-07-13T11:46:06","date_gmt":"2025-07-13T08:46:06","guid":{"rendered":"https:\/\/u.bytf.tk\/product\/lampseki-sallanan-kolye\/"},"modified":"2025-07-14T09:32:48","modified_gmt":"2025-07-14T06:32:48","slug":"lampseki-sallanan-kolye-ilk-kly18aa-lampsal","status":"publish","type":"product","link":"https:\/\/u.bytf.tk\/en\/product\/lampseki-sallanan-kolye-ilk-kly18aa-lampsal\/","title":{"rendered":"Lampseki &#8211; Sallanan Kolye"},"content":{"rendered":"<p>Helenistik D\u00f6nem tak\u0131lar\u0131ndan uyarlanan tasar\u0131m<\/p>\n<p>18 ayar Alt\u0131n, P\u0131rlanta<\/p>\n<p>Kolye standart uzunlu\u011fu 42 cm<\/p>\n<p>\u00a0<\/p>","protected":false},"excerpt":{"rendered":"<p>Helenistik D\u00f6nem tak\u0131lar\u0131ndan uyarlanan tasar\u0131m 18 ayar Alt\u0131n, P\u0131rlanta Kolye standart uzunlu\u011fu 42 cm \u00a0<\/p>","protected":false},"featured_media":4153,"template":"","meta":[],"product_brand":[],"product_cat":[567,562],"product_tag":[90,93,92,127,128,103,106,259,107,94],"class_list":{"0":"post-8527","1":"product","2":"type-product","3":"status-publish","4":"has-post-thumbnail","6":"product_cat-kolye","7":"product_cat-mucevher","8":"product_tag-altin","9":"product_tag-diamond","10":"product_tag-gold","11":"product_tag-helenistik","12":"product_tag-helenistik-koleksiyonu","13":"product_tag-heritage","14":"product_tag-kolye","15":"product_tag-lampseki","16":"product_tag-necklace","17":"product_tag-pirlanta","19":"first","20":"instock","21":"taxable","22":"shipping-taxable","23":"purchasable","24":"product-type-simple"},"_links":{"self":[{"href":"https:\/\/u.bytf.tk\/en\/wp-json\/wp\/v2\/product\/8527","targetHints":{"allow":["GET"]}}],"collection":[{"href":"https:\/\/u.bytf.tk\/en\/wp-json\/wp\/v2\/product"}],"about":[{"href":"https:\/\/u.bytf.tk\/en\/wp-json\/wp\/v2\/types\/product"}],"wp:featuredmedia":[{"embeddable":true,"href":"https:\/\/u.bytf.tk\/en\/wp-json\/wp\/v2\/media\/4153"}],"wp:attachment":[{"href":"https:\/\/u.bytf.tk\/en\/wp-json\/wp\/v2\/media?parent=8527"}],"wp:term":[{"taxonomy":"product_brand","embeddable":true,"href":"https:\/\/u.bytf.tk\/en\/wp-json\/wp\/v2\/product_brand?post=8527"},{"taxonomy":"product_cat","embeddable":true,"href":"https:\/\/u.bytf.tk\/en\/wp-json\/wp\/v2\/product_cat?post=8527"},{"taxonomy":"product_tag","embeddable":true,"href":"https:\/\/u.bytf.tk\/en\/wp-json\/wp\/v2\/product_tag?post=8527"}],"curies":[{"name":"wp","href":"https:\/\/api.w.org\/{rel}","templated":true}]}}