{"id":8528,"date":"2025-07-13T11:46:06","date_gmt":"2025-07-13T08:46:06","guid":{"rendered":"https:\/\/u.bytf.tk\/product\/nil-ay-kolye\/"},"modified":"2025-07-14T09:32:48","modified_gmt":"2025-07-14T06:32:48","slug":"nil-ay-kolye-klyag10xnil-ay0","status":"publish","type":"product","link":"https:\/\/u.bytf.tk\/en\/product\/nil-ay-kolye-klyag10xnil-ay0\/","title":{"rendered":"Nil &#8211; Ay Kolye"},"content":{"rendered":"<p>Eski M\u0131s\u0131r\u2019\u0131n,\u00a0 &#8220;\u015fafakta sulardan do\u011fan varl\u0131\u011f\u0131&#8221;\u00a0 derin\u00a0 bir sayg\u0131 uyand\u0131ran kutsal \u00e7i\u00e7e\u011fi lotustan esinlenen kolye<\/p>\n<p>10\u00a0ayar Alt\u0131n, 925 ayar G\u00fcm\u00fc\u015f.<\/p>\n<p>Kolye standart uzunlu\u011fu 42 cm<\/p>\n<p>\u00a0<\/p>","protected":false},"excerpt":{"rendered":"<p>Eski M\u0131s\u0131r\u2019\u0131n,\u00a0 &#8220;\u015fafakta sulardan do\u011fan varl\u0131\u011f\u0131&#8221;\u00a0 derin\u00a0 bir sayg\u0131 uyand\u0131ran kutsal \u00e7i\u00e7e\u011fi lotustan esinlenen kolye 10\u00a0ayar Alt\u0131n, 925 ayar G\u00fcm\u00fc\u015f. Kolye standart uzunlu\u011fu 42 cm \u00a0<\/p>","protected":false},"featured_media":4156,"template":"","meta":[],"product_brand":[],"product_cat":[567,562],"product_tag":[90,109,91,92,87,103,106,250,251,107,89,115],"class_list":{"0":"post-8528","1":"product","2":"type-product","3":"status-publish","4":"has-post-thumbnail","6":"product_cat-kolye","7":"product_cat-mucevher","8":"product_tag-altin","9":"product_tag-chrismas","10":"product_tag-encoksatan","11":"product_tag-gold","12":"product_tag-gumus","13":"product_tag-heritage","14":"product_tag-kolye","15":"product_tag-misir","16":"product_tag-misir-koleksiyonu","17":"product_tag-necklace","18":"product_tag-silver","19":"product_tag-yilbasi","21":"first","22":"instock","23":"taxable","24":"shipping-taxable","25":"purchasable","26":"product-type-simple"},"_links":{"self":[{"href":"https:\/\/u.bytf.tk\/en\/wp-json\/wp\/v2\/product\/8528","targetHints":{"allow":["GET"]}}],"collection":[{"href":"https:\/\/u.bytf.tk\/en\/wp-json\/wp\/v2\/product"}],"about":[{"href":"https:\/\/u.bytf.tk\/en\/wp-json\/wp\/v2\/types\/product"}],"wp:featuredmedia":[{"embeddable":true,"href":"https:\/\/u.bytf.tk\/en\/wp-json\/wp\/v2\/media\/4156"}],"wp:attachment":[{"href":"https:\/\/u.bytf.tk\/en\/wp-json\/wp\/v2\/media?parent=8528"}],"wp:term":[{"taxonomy":"product_brand","embeddable":true,"href":"https:\/\/u.bytf.tk\/en\/wp-json\/wp\/v2\/product_brand?post=8528"},{"taxonomy":"product_cat","embeddable":true,"href":"https:\/\/u.bytf.tk\/en\/wp-json\/wp\/v2\/product_cat?post=8528"},{"taxonomy":"product_tag","embeddable":true,"href":"https:\/\/u.bytf.tk\/en\/wp-json\/wp\/v2\/product_tag?post=8528"}],"curies":[{"name":"wp","href":"https:\/\/api.w.org\/{rel}","templated":true}]}}