{"id":8542,"date":"2025-07-13T11:46:14","date_gmt":"2025-07-13T08:46:14","guid":{"rendered":"https:\/\/u.bytf.tk\/product\/oval-dovu-orme-zumrut-kupe\/"},"modified":"2025-07-14T09:32:54","modified_gmt":"2025-07-14T06:32:54","slug":"oval-dovu-orme-zumrut-kupe-kpeaa18dovaldov","status":"publish","type":"product","link":"https:\/\/u.bytf.tk\/en\/product\/oval-dovu-orme-zumrut-kupe-kpeaa18dovaldov\/","title":{"rendered":"Oval D\u00f6v\u00fc \u00d6rme &#8211; Z\u00fcmr\u00fct K\u00fcpe"},"content":{"rendered":"<p>Eski Tun\u00e7 \u00c7a\u011f\u0131 metal d\u00f6vme tekniklerinden d\u00fczenlenen k\u00fcpe<\/p>\n<p>18 ayar Alt\u0131n, Z\u00fcmr\u00fct<\/p>\n<p>\u00a0<\/p>","protected":false},"excerpt":{"rendered":"<p>Eski Tun\u00e7 \u00c7a\u011f\u0131 metal d\u00f6vme tekniklerinden d\u00fczenlenen k\u00fcpe 18 ayar Alt\u0131n, Z\u00fcmr\u00fct \u00a0<\/p>","protected":false},"featured_media":4196,"template":"","meta":[],"product_brand":[],"product_cat":[569,562],"product_tag":[90,129,198,92,130,164,165,201],"class_list":{"0":"post-8542","1":"product","2":"type-product","3":"status-publish","4":"has-post-thumbnail","6":"product_cat-kupe","7":"product_cat-mucevher","8":"product_tag-altin","9":"product_tag-earring","10":"product_tag-emerald","11":"product_tag-gold","12":"product_tag-kupe","13":"product_tag-neolitik","14":"product_tag-neolitik-cag-koleksiyonu","15":"product_tag-zumrut","17":"first","18":"instock","19":"taxable","20":"shipping-taxable","21":"purchasable","22":"product-type-simple"},"_links":{"self":[{"href":"https:\/\/u.bytf.tk\/en\/wp-json\/wp\/v2\/product\/8542","targetHints":{"allow":["GET"]}}],"collection":[{"href":"https:\/\/u.bytf.tk\/en\/wp-json\/wp\/v2\/product"}],"about":[{"href":"https:\/\/u.bytf.tk\/en\/wp-json\/wp\/v2\/types\/product"}],"wp:featuredmedia":[{"embeddable":true,"href":"https:\/\/u.bytf.tk\/en\/wp-json\/wp\/v2\/media\/4196"}],"wp:attachment":[{"href":"https:\/\/u.bytf.tk\/en\/wp-json\/wp\/v2\/media?parent=8542"}],"wp:term":[{"taxonomy":"product_brand","embeddable":true,"href":"https:\/\/u.bytf.tk\/en\/wp-json\/wp\/v2\/product_brand?post=8542"},{"taxonomy":"product_cat","embeddable":true,"href":"https:\/\/u.bytf.tk\/en\/wp-json\/wp\/v2\/product_cat?post=8542"},{"taxonomy":"product_tag","embeddable":true,"href":"https:\/\/u.bytf.tk\/en\/wp-json\/wp\/v2\/product_tag?post=8542"}],"curies":[{"name":"wp","href":"https:\/\/api.w.org\/{rel}","templated":true}]}}