{"id":8547,"date":"2025-07-13T11:46:14","date_gmt":"2025-07-13T08:46:14","guid":{"rendered":"https:\/\/u.bytf.tk\/product\/urartu-kucuk-kupe\/"},"modified":"2025-07-14T09:32:55","modified_gmt":"2025-07-14T06:32:55","slug":"urartu-kucuk-kupe-kpeag18xurt-kuc","status":"publish","type":"product","link":"https:\/\/u.bytf.tk\/en\/product\/urartu-kucuk-kupe-kpeag18xurt-kuc\/","title":{"rendered":"Urartu &#8211; K\u00fc\u00e7\u00fck K\u00fcpe"},"content":{"rendered":"<p>Urartu sanat\u0131nda yer alan bronz kemerlerden d\u00fczenlenen ikonik k\u00fcpe<\/p>\n<p>\u00a0M.\u00d6. 7. yy.<\/p>\n<p>18K Gold, 925 Sterling Silver<\/p>\n<p>\u00a0<\/p>","protected":false},"excerpt":{"rendered":"<p>Urartu sanat\u0131nda yer alan bronz kemerlerden d\u00fczenlenen ikonik k\u00fcpe \u00a0M.\u00d6. 7. yy. 18 ayar Alt\u0131n, 925 ayar G\u00fcm\u00fc\u015f \u00a0<\/p>","protected":false},"featured_media":4207,"template":"","meta":[],"product_brand":[],"product_cat":[569,562,565,581],"product_tag":[90,129,92,87,103,130,89,104,105],"class_list":{"0":"post-8547","1":"product","2":"type-product","3":"status-publish","4":"has-post-thumbnail","6":"product_cat-kupe","7":"product_cat-mucevher","8":"product_cat-urart-heritage","9":"product_cat-urartu","10":"product_tag-altin","11":"product_tag-earring","12":"product_tag-gold","13":"product_tag-gumus","14":"product_tag-heritage","15":"product_tag-kupe","16":"product_tag-silver","17":"product_tag-urartu","18":"product_tag-urartu-koleksiyonu","20":"first","21":"instock","22":"taxable","23":"shipping-taxable","24":"purchasable","25":"product-type-simple"},"_links":{"self":[{"href":"https:\/\/u.bytf.tk\/en\/wp-json\/wp\/v2\/product\/8547","targetHints":{"allow":["GET"]}}],"collection":[{"href":"https:\/\/u.bytf.tk\/en\/wp-json\/wp\/v2\/product"}],"about":[{"href":"https:\/\/u.bytf.tk\/en\/wp-json\/wp\/v2\/types\/product"}],"wp:featuredmedia":[{"embeddable":true,"href":"https:\/\/u.bytf.tk\/en\/wp-json\/wp\/v2\/media\/4207"}],"wp:attachment":[{"href":"https:\/\/u.bytf.tk\/en\/wp-json\/wp\/v2\/media?parent=8547"}],"wp:term":[{"taxonomy":"product_brand","embeddable":true,"href":"https:\/\/u.bytf.tk\/en\/wp-json\/wp\/v2\/product_brand?post=8547"},{"taxonomy":"product_cat","embeddable":true,"href":"https:\/\/u.bytf.tk\/en\/wp-json\/wp\/v2\/product_cat?post=8547"},{"taxonomy":"product_tag","embeddable":true,"href":"https:\/\/u.bytf.tk\/en\/wp-json\/wp\/v2\/product_tag?post=8547"}],"curies":[{"name":"wp","href":"https:\/\/api.w.org\/{rel}","templated":true}]}}