{"id":8551,"date":"2025-07-13T11:46:14","date_gmt":"2025-07-13T08:46:14","guid":{"rendered":"https:\/\/u.bytf.tk\/product\/siren-mineli-onyx-kolye\/"},"modified":"2025-07-14T09:32:56","modified_gmt":"2025-07-14T06:32:56","slug":"siren-mineli-onyx-kolye-klyag18hsir-kuc","status":"publish","type":"product","link":"https:\/\/u.bytf.tk\/en\/product\/siren-mineli-onyx-kolye-klyag18hsir-kuc\/","title":{"rendered":"Siren Mineli Onyx Kolye"},"content":{"rendered":"<p>Urart 50.Y\u0131l \u00f6zel koleksiyonu Siren, Anadolu&#8217;nun M.\u00d6 7-8.yy. g\u00fc\u00e7l\u00fc uygarl\u0131\u011f\u0131 Urartu eserlerinde kanatl\u0131 fig\u00fcrlerden esinlendi.<\/p>\n<p>Ne\u015fe ve mutluluk veren, kanatlar\u0131 oldu\u011fu i\u00e7in g\u00f6k s\u0131rlar\u0131na ve yarat\u0131c\u0131ya yak\u0131n olan\u00a0yar\u0131 insan yar\u0131 ku\u015f\u00a0Siren, 50 y\u0131ldan bu yana Urart&#8217;\u0131n \u00fcst\u00fcn tasar\u0131m g\u00fcc\u00fcn\u00fcn ve y\u00fcksek nitelikli el i\u015f\u00e7ili\u011finin de\u00a0sembol\u00fc olarak Urart logosunda yeral\u0131yor.<\/p>\n<p>Urartu uygarl\u0131\u011f\u0131n\u0131n en g\u00f6ze \u00e7arpan motifi kanatl\u0131 kazan kulbu Siren,\u00a0binlerce y\u0131l\u0131n metal i\u015f\u00e7ili\u011fini, kuyumculuk, sanat ve esteti\u011fini bug\u00fcne ve gelece\u011fe ta\u015f\u0131yor.<\/p>\n<p>18 Ayar Alt\u0131n, 925 Ayar G\u00fcm\u00fc\u015f, Tourmaline, Onyx ve Siyah Mine<\/p>\n<p>Zincir uzunlu\u011fu : 55 cm<\/p>\n<p>\u00a0<\/p>","protected":false},"excerpt":{"rendered":"<p>Urart 50.Y\u0131l \u00f6zel koleksiyonu Siren, Anadolu&#8217;nun M.\u00d6 7-8.yy. g\u00fc\u00e7l\u00fc uygarl\u0131\u011f\u0131 Urartu eserlerinde kanatl\u0131 fig\u00fcrlerden esinlendi. Ne\u015fe ve mutluluk veren, kanatlar\u0131 oldu\u011fu i\u00e7in g\u00f6k s\u0131rlar\u0131na ve yarat\u0131c\u0131ya yak\u0131n olan\u00a0yar\u0131 insan yar\u0131 ku\u015f\u00a0Siren, 50 y\u0131ldan bu yana Urart&#8217;\u0131n \u00fcst\u00fcn tasar\u0131m g\u00fcc\u00fcn\u00fcn ve y\u00fcksek nitelikli el i\u015f\u00e7ili\u011finin de\u00a0sembol\u00fc olarak Urart logosunda yeral\u0131yor. Urartu uygarl\u0131\u011f\u0131n\u0131n&hellip;<\/p>","protected":false},"featured_media":4218,"template":"","meta":[],"product_brand":[],"product_cat":[567,562,566,565],"product_tag":[262,90,109,143,92,87,106,144,263,264,112,89,265,266,135,136,114,214,115],"class_list":{"0":"post-8551","1":"product","2":"type-product","3":"status-publish","4":"has-post-thumbnail","6":"product_cat-kolye","7":"product_cat-mucevher","8":"product_cat-siren","9":"product_cat-urart-heritage","10":"product_tag-50-yil","11":"product_tag-altin","12":"product_tag-chrismas","13":"product_tag-enamel","14":"product_tag-gold","15":"product_tag-gumus","16":"product_tag-kolye","17":"product_tag-mine","18":"product_tag-onix","19":"product_tag-onyx","20":"product_tag-sevgililergunu","21":"product_tag-silver","22":"product_tag-siren","23":"product_tag-siren-koleksiyonu","24":"product_tag-tourmaline","25":"product_tag-turmalin","26":"product_tag-valentines","27":"product_tag-yeni","28":"product_tag-yilbasi","29":"pa_boy-kucuk","30":"pa_renk-fildisi","31":"pa_renk-pembe","32":"pa_renk-siyah","33":"pa_renk-turkuaz","35":"first","36":"instock","37":"taxable","38":"shipping-taxable","39":"purchasable","40":"product-type-simple"},"_links":{"self":[{"href":"https:\/\/u.bytf.tk\/en\/wp-json\/wp\/v2\/product\/8551","targetHints":{"allow":["GET"]}}],"collection":[{"href":"https:\/\/u.bytf.tk\/en\/wp-json\/wp\/v2\/product"}],"about":[{"href":"https:\/\/u.bytf.tk\/en\/wp-json\/wp\/v2\/types\/product"}],"wp:featuredmedia":[{"embeddable":true,"href":"https:\/\/u.bytf.tk\/en\/wp-json\/wp\/v2\/media\/4218"}],"wp:attachment":[{"href":"https:\/\/u.bytf.tk\/en\/wp-json\/wp\/v2\/media?parent=8551"}],"wp:term":[{"taxonomy":"product_brand","embeddable":true,"href":"https:\/\/u.bytf.tk\/en\/wp-json\/wp\/v2\/product_brand?post=8551"},{"taxonomy":"product_cat","embeddable":true,"href":"https:\/\/u.bytf.tk\/en\/wp-json\/wp\/v2\/product_cat?post=8551"},{"taxonomy":"product_tag","embeddable":true,"href":"https:\/\/u.bytf.tk\/en\/wp-json\/wp\/v2\/product_tag?post=8551"}],"curies":[{"name":"wp","href":"https:\/\/api.w.org\/{rel}","templated":true}]}}