{"id":8607,"date":"2025-07-13T11:47:04","date_gmt":"2025-07-13T08:47:04","guid":{"rendered":"https:\/\/u.bytf.tk\/product\/polygonos-ucgen-kalin-tsavorit-bordo-yuzuk\/"},"modified":"2025-07-14T09:33:19","modified_gmt":"2025-07-14T06:33:19","slug":"polygonos-kalin-pirlanta-ag-yuzuk-yzkag18dpolygon","status":"publish","type":"product","link":"https:\/\/u.bytf.tk\/en\/product\/polygonos-kalin-pirlanta-ag-yuzuk-yzkag18dpolygon\/","title":{"rendered":"Polygonos Kal\u0131n P\u0131rlanta AG Y\u00fcz\u00fck"},"content":{"rendered":"<p>\u00c7izgi ve dairelerden olu\u015fan geleneksel geometrik sonsuz y\u0131ld\u0131zs\u0131 desenlerden tasarlanm\u0131\u015f y\u00fcz\u00fck<\/p>\n<p>18 ayar Alt\u0131n, 925 ayar G\u00fcm\u00fc\u015f, P\u0131rlanta<\/p>\n<p>\u00a0<\/p>","protected":false},"excerpt":{"rendered":"<p>\u00c7izgi ve dairelerden olu\u015fan geleneksel geometrik sonsuz y\u0131ld\u0131zs\u0131 desenlerden tasarlanm\u0131\u015f y\u00fcz\u00fck 18 ayar Alt\u0131n, 925 ayar G\u00fcm\u00fc\u015f, P\u0131rlanta \u00a0<\/p>","protected":false},"featured_media":5118,"template":"","meta":[],"product_brand":[],"product_cat":[562,571],"product_tag":[90,93,92,87,94,279,280,145,89,214,148],"class_list":{"0":"post-8607","1":"product","2":"type-product","3":"status-publish","4":"has-post-thumbnail","6":"product_cat-mucevher","7":"product_cat-yuzuk","8":"product_tag-altin","9":"product_tag-diamond","10":"product_tag-gold","11":"product_tag-gumus","12":"product_tag-pirlanta","13":"product_tag-polygonos","14":"product_tag-polygonos-koleksiyonu","15":"product_tag-ring","16":"product_tag-silver","17":"product_tag-yeni","18":"product_tag-yuzuk","20":"first","21":"instock","22":"taxable","23":"shipping-taxable","24":"purchasable","25":"product-type-variable"},"_links":{"self":[{"href":"https:\/\/u.bytf.tk\/en\/wp-json\/wp\/v2\/product\/8607","targetHints":{"allow":["GET"]}}],"collection":[{"href":"https:\/\/u.bytf.tk\/en\/wp-json\/wp\/v2\/product"}],"about":[{"href":"https:\/\/u.bytf.tk\/en\/wp-json\/wp\/v2\/types\/product"}],"wp:featuredmedia":[{"embeddable":true,"href":"https:\/\/u.bytf.tk\/en\/wp-json\/wp\/v2\/media\/5118"}],"wp:attachment":[{"href":"https:\/\/u.bytf.tk\/en\/wp-json\/wp\/v2\/media?parent=8607"}],"wp:term":[{"taxonomy":"product_brand","embeddable":true,"href":"https:\/\/u.bytf.tk\/en\/wp-json\/wp\/v2\/product_brand?post=8607"},{"taxonomy":"product_cat","embeddable":true,"href":"https:\/\/u.bytf.tk\/en\/wp-json\/wp\/v2\/product_cat?post=8607"},{"taxonomy":"product_tag","embeddable":true,"href":"https:\/\/u.bytf.tk\/en\/wp-json\/wp\/v2\/product_tag?post=8607"}],"curies":[{"name":"wp","href":"https:\/\/api.w.org\/{rel}","templated":true}]}}