{"id":8611,"date":"2025-07-13T11:46:55","date_gmt":"2025-07-13T08:46:55","guid":{"rendered":"https:\/\/u.bytf.tk\/product\/polygonos-ag-mineli-yuzuk\/"},"modified":"2025-07-14T09:33:20","modified_gmt":"2025-07-14T06:33:20","slug":"polygonos-ag-mineli-yuzuk-yzkag18ypoly-mi","status":"publish","type":"product","link":"https:\/\/u.bytf.tk\/en\/product\/polygonos-ag-mineli-yuzuk-yzkag18ypoly-mi\/","title":{"rendered":"Polygonos AG Mineli Y\u00fcz\u00fck"},"content":{"rendered":"<p>\u00c7izgi ve dairelerden olu\u015fan geleneksel geometrik sonsuz y\u0131ld\u0131zs\u0131 desenlerden tasarlanm\u0131\u015f y\u00fcz\u00fck<\/p>\n<p>18 ayar Alt\u0131n, 925 ayar G\u00fcm\u00fc\u015f, Mine<\/p>\n<p>\u00a0<\/p>","protected":false},"excerpt":{"rendered":"<p>\u00c7izgi ve dairelerden olu\u015fan geleneksel geometrik sonsuz y\u0131ld\u0131zs\u0131 desenlerden tasarlanm\u0131\u015f y\u00fcz\u00fck 18 ayar Alt\u0131n, 925 ayar G\u00fcm\u00fc\u015f, Mine \u00a0<\/p>","protected":false},"featured_media":5080,"template":"","meta":[],"product_brand":[],"product_cat":[562,571],"product_tag":[90,143,92,87,144,279,280,145,89,214,148],"class_list":{"0":"post-8611","1":"product","2":"type-product","3":"status-publish","4":"has-post-thumbnail","6":"product_cat-mucevher","7":"product_cat-yuzuk","8":"product_tag-altin","9":"product_tag-enamel","10":"product_tag-gold","11":"product_tag-gumus","12":"product_tag-mine","13":"product_tag-polygonos","14":"product_tag-polygonos-koleksiyonu","15":"product_tag-ring","16":"product_tag-silver","17":"product_tag-yeni","18":"product_tag-yuzuk","20":"first","21":"instock","22":"taxable","23":"shipping-taxable","24":"purchasable","25":"product-type-variable"},"_links":{"self":[{"href":"https:\/\/u.bytf.tk\/en\/wp-json\/wp\/v2\/product\/8611","targetHints":{"allow":["GET"]}}],"collection":[{"href":"https:\/\/u.bytf.tk\/en\/wp-json\/wp\/v2\/product"}],"about":[{"href":"https:\/\/u.bytf.tk\/en\/wp-json\/wp\/v2\/types\/product"}],"wp:featuredmedia":[{"embeddable":true,"href":"https:\/\/u.bytf.tk\/en\/wp-json\/wp\/v2\/media\/5080"}],"wp:attachment":[{"href":"https:\/\/u.bytf.tk\/en\/wp-json\/wp\/v2\/media?parent=8611"}],"wp:term":[{"taxonomy":"product_brand","embeddable":true,"href":"https:\/\/u.bytf.tk\/en\/wp-json\/wp\/v2\/product_brand?post=8611"},{"taxonomy":"product_cat","embeddable":true,"href":"https:\/\/u.bytf.tk\/en\/wp-json\/wp\/v2\/product_cat?post=8611"},{"taxonomy":"product_tag","embeddable":true,"href":"https:\/\/u.bytf.tk\/en\/wp-json\/wp\/v2\/product_tag?post=8611"}],"curies":[{"name":"wp","href":"https:\/\/api.w.org\/{rel}","templated":true}]}}