{"id":8614,"date":"2025-07-13T11:47:04","date_gmt":"2025-07-13T08:47:04","guid":{"rendered":"https:\/\/u.bytf.tk\/product\/polygonos-ikili-yuzuk\/"},"modified":"2025-07-14T09:33:21","modified_gmt":"2025-07-14T06:33:21","slug":"polygonos-kalin-sari-yuzuk-yzkaa18dpolygon","status":"publish","type":"product","link":"https:\/\/u.bytf.tk\/en\/product\/polygonos-kalin-sari-yuzuk-yzkaa18dpolygon\/","title":{"rendered":"Polygonos Kal\u0131n Sar\u0131 Y\u00fcz\u00fck"},"content":{"rendered":"<p>\u00c7izgi ve dairelerden olu\u015fan geleneksel geometrik sonsuz y\u0131ld\u0131zs\u0131 desenlerden tasarlanm\u0131\u015f y\u00fcz\u00fck<\/p>\n<p>18 ayar Alt\u0131n, P\u0131rlanta<\/p>\n<p>\u00a0<\/p>","protected":false},"excerpt":{"rendered":"<p>\u00c7izgi ve dairelerden olu\u015fan geleneksel geometrik sonsuz y\u0131ld\u0131zs\u0131 desenlerden tasarlanm\u0131\u015f y\u00fcz\u00fck 18 ayar Alt\u0131n, P\u0131rlanta \u00a0<\/p>","protected":false},"featured_media":5142,"template":"","meta":[],"product_brand":[],"product_cat":[562,571],"product_tag":[90,93,92,94,279,280,145,214,148],"class_list":{"0":"post-8614","1":"product","2":"type-product","3":"status-publish","4":"has-post-thumbnail","6":"product_cat-mucevher","7":"product_cat-yuzuk","8":"product_tag-altin","9":"product_tag-diamond","10":"product_tag-gold","11":"product_tag-pirlanta","12":"product_tag-polygonos","13":"product_tag-polygonos-koleksiyonu","14":"product_tag-ring","15":"product_tag-yeni","16":"product_tag-yuzuk","18":"first","19":"instock","20":"taxable","21":"shipping-taxable","22":"purchasable","23":"product-type-variable"},"_links":{"self":[{"href":"https:\/\/u.bytf.tk\/en\/wp-json\/wp\/v2\/product\/8614","targetHints":{"allow":["GET"]}}],"collection":[{"href":"https:\/\/u.bytf.tk\/en\/wp-json\/wp\/v2\/product"}],"about":[{"href":"https:\/\/u.bytf.tk\/en\/wp-json\/wp\/v2\/types\/product"}],"wp:featuredmedia":[{"embeddable":true,"href":"https:\/\/u.bytf.tk\/en\/wp-json\/wp\/v2\/media\/5142"}],"wp:attachment":[{"href":"https:\/\/u.bytf.tk\/en\/wp-json\/wp\/v2\/media?parent=8614"}],"wp:term":[{"taxonomy":"product_brand","embeddable":true,"href":"https:\/\/u.bytf.tk\/en\/wp-json\/wp\/v2\/product_brand?post=8614"},{"taxonomy":"product_cat","embeddable":true,"href":"https:\/\/u.bytf.tk\/en\/wp-json\/wp\/v2\/product_cat?post=8614"},{"taxonomy":"product_tag","embeddable":true,"href":"https:\/\/u.bytf.tk\/en\/wp-json\/wp\/v2\/product_tag?post=8614"}],"curies":[{"name":"wp","href":"https:\/\/api.w.org\/{rel}","templated":true}]}}