{"id":8632,"date":"2025-07-13T11:47:14","date_gmt":"2025-07-13T08:47:14","guid":{"rendered":"https:\/\/u.bytf.tk\/product\/yay-zarf-acacagi\/"},"modified":"2025-07-14T09:33:28","modified_gmt":"2025-07-14T06:33:28","slug":"yay-zarf-acacagi-zargoxyay000000","status":"publish","type":"product","link":"https:\/\/u.bytf.tk\/en\/product\/yay-zarf-acacagi-zargoxyay000000\/","title":{"rendered":"Spring Envelope Opener"},"content":{"rendered":"<p>Ofisiniz i\u00e7in \u015f\u0131k bir tercih<\/p>\n<p>925 ayar G\u00fcm\u00fc\u015f<\/p><\/p>","protected":false},"excerpt":{"rendered":"<p>Ofisiniz i\u00e7in \u015f\u0131k bir tercih 925 ayar G\u00fcm\u00fc\u015f<\/p>","protected":false},"featured_media":5345,"template":"","meta":[],"product_brand":[],"product_cat":[587,572],"product_tag":[91,87,156,241,89],"class_list":{"0":"post-8632","1":"product","2":"type-product","3":"status-publish","4":"has-post-thumbnail","6":"product_cat-diger","7":"product_cat-home","8":"product_tag-encoksatan","9":"product_tag-gumus","10":"product_tag-obje","11":"product_tag-ofis","12":"product_tag-silver","14":"first","15":"instock","16":"taxable","17":"shipping-taxable","18":"purchasable","19":"product-type-simple"},"_links":{"self":[{"href":"https:\/\/u.bytf.tk\/en\/wp-json\/wp\/v2\/product\/8632","targetHints":{"allow":["GET"]}}],"collection":[{"href":"https:\/\/u.bytf.tk\/en\/wp-json\/wp\/v2\/product"}],"about":[{"href":"https:\/\/u.bytf.tk\/en\/wp-json\/wp\/v2\/types\/product"}],"wp:featuredmedia":[{"embeddable":true,"href":"https:\/\/u.bytf.tk\/en\/wp-json\/wp\/v2\/media\/5345"}],"wp:attachment":[{"href":"https:\/\/u.bytf.tk\/en\/wp-json\/wp\/v2\/media?parent=8632"}],"wp:term":[{"taxonomy":"product_brand","embeddable":true,"href":"https:\/\/u.bytf.tk\/en\/wp-json\/wp\/v2\/product_brand?post=8632"},{"taxonomy":"product_cat","embeddable":true,"href":"https:\/\/u.bytf.tk\/en\/wp-json\/wp\/v2\/product_cat?post=8632"},{"taxonomy":"product_tag","embeddable":true,"href":"https:\/\/u.bytf.tk\/en\/wp-json\/wp\/v2\/product_tag?post=8632"}],"curies":[{"name":"wp","href":"https:\/\/api.w.org\/{rel}","templated":true}]}}