{"id":8650,"date":"2025-07-13T11:47:23","date_gmt":"2025-07-13T08:47:23","guid":{"rendered":"https:\/\/u.bytf.tk\/product\/deniz-yildizi-2li-bronz-mumluk\/"},"modified":"2025-07-14T09:33:34","modified_gmt":"2025-07-14T06:33:34","slug":"deniz-yildizi-2li-bronz-mumluk-mmlbrxdenizyild","status":"publish","type":"product","link":"https:\/\/u.bytf.tk\/en\/product\/deniz-yildizi-2li-bronz-mumluk-mmlbrxdenizyild\/","title":{"rendered":"Deniz Y\u0131ld\u0131z\u0131 2&#8217;li Bronz Mumluk"},"content":{"rendered":"<p>Deniz y\u0131ld\u0131z\u0131 fig\u00fcrl\u00fc mumluk<\/p>\n<p>Bronze<\/p><\/p>","protected":false},"excerpt":{"rendered":"<p>Deniz y\u0131ld\u0131z\u0131 fig\u00fcrl\u00fc mumluk Bronz<\/p>","protected":false},"featured_media":4623,"template":"","meta":[],"product_brand":[],"product_cat":[572,577],"product_tag":[84,85,178,167,109,180,156,115],"class_list":{"0":"post-8650","1":"product","2":"type-product","3":"status-publish","4":"has-post-thumbnail","6":"product_cat-home","7":"product_cat-mum","8":"product_tag-bronz","9":"product_tag-bronze","10":"product_tag-candle","11":"product_tag-candlestick","12":"product_tag-chrismas","13":"product_tag-mum","14":"product_tag-obje","15":"product_tag-yilbasi","17":"first","18":"instock","19":"taxable","20":"shipping-taxable","21":"purchasable","22":"product-type-simple"},"_links":{"self":[{"href":"https:\/\/u.bytf.tk\/en\/wp-json\/wp\/v2\/product\/8650","targetHints":{"allow":["GET"]}}],"collection":[{"href":"https:\/\/u.bytf.tk\/en\/wp-json\/wp\/v2\/product"}],"about":[{"href":"https:\/\/u.bytf.tk\/en\/wp-json\/wp\/v2\/types\/product"}],"wp:featuredmedia":[{"embeddable":true,"href":"https:\/\/u.bytf.tk\/en\/wp-json\/wp\/v2\/media\/4623"}],"wp:attachment":[{"href":"https:\/\/u.bytf.tk\/en\/wp-json\/wp\/v2\/media?parent=8650"}],"wp:term":[{"taxonomy":"product_brand","embeddable":true,"href":"https:\/\/u.bytf.tk\/en\/wp-json\/wp\/v2\/product_brand?post=8650"},{"taxonomy":"product_cat","embeddable":true,"href":"https:\/\/u.bytf.tk\/en\/wp-json\/wp\/v2\/product_cat?post=8650"},{"taxonomy":"product_tag","embeddable":true,"href":"https:\/\/u.bytf.tk\/en\/wp-json\/wp\/v2\/product_tag?post=8650"}],"curies":[{"name":"wp","href":"https:\/\/api.w.org\/{rel}","templated":true}]}}