{"id":8656,"date":"2025-07-13T11:47:23","date_gmt":"2025-07-13T08:47:23","guid":{"rendered":"https:\/\/u.bytf.tk\/product\/manolya-ii-mermer-vazo\/"},"modified":"2025-07-14T09:33:35","modified_gmt":"2025-07-14T06:33:35","slug":"manolya-ii-mermer-vazo-vazbrxmanolya-i","status":"publish","type":"product","link":"https:\/\/u.bytf.tk\/en\/product\/manolya-ii-mermer-vazo-vazbrxmanolya-i\/","title":{"rendered":"Manolya II Mermer Vazo"},"content":{"rendered":"<p>Fauna temal\u0131 tasar\u0131m vazo<\/p>\n<p>Mermer, Bronz<\/p>\n<p>Y\u00fckseklik: 30 cm<\/p><\/p>","protected":false},"excerpt":{"rendered":"<p>Fauna temal\u0131 tasar\u0131m vazo Mermer, Bronz Y\u00fckseklik: 30 cm<\/p>","protected":false},"featured_media":5400,"template":"","meta":[],"product_brand":[],"product_cat":[572,586],"product_tag":[84,85,97,98,152,153,156,162,163],"class_list":{"0":"post-8656","1":"product","2":"type-product","3":"status-publish","4":"has-post-thumbnail","6":"product_cat-home","7":"product_cat-vazo","8":"product_tag-bronz","9":"product_tag-bronze","10":"product_tag-fauna","11":"product_tag-fauna-koleksiyonu","12":"product_tag-marble","13":"product_tag-mermer","14":"product_tag-obje","15":"product_tag-vase","16":"product_tag-vazo","18":"first","19":"instock","20":"taxable","21":"shipping-taxable","22":"purchasable","23":"product-type-simple"},"_links":{"self":[{"href":"https:\/\/u.bytf.tk\/en\/wp-json\/wp\/v2\/product\/8656","targetHints":{"allow":["GET"]}}],"collection":[{"href":"https:\/\/u.bytf.tk\/en\/wp-json\/wp\/v2\/product"}],"about":[{"href":"https:\/\/u.bytf.tk\/en\/wp-json\/wp\/v2\/types\/product"}],"wp:featuredmedia":[{"embeddable":true,"href":"https:\/\/u.bytf.tk\/en\/wp-json\/wp\/v2\/media\/5400"}],"wp:attachment":[{"href":"https:\/\/u.bytf.tk\/en\/wp-json\/wp\/v2\/media?parent=8656"}],"wp:term":[{"taxonomy":"product_brand","embeddable":true,"href":"https:\/\/u.bytf.tk\/en\/wp-json\/wp\/v2\/product_brand?post=8656"},{"taxonomy":"product_cat","embeddable":true,"href":"https:\/\/u.bytf.tk\/en\/wp-json\/wp\/v2\/product_cat?post=8656"},{"taxonomy":"product_tag","embeddable":true,"href":"https:\/\/u.bytf.tk\/en\/wp-json\/wp\/v2\/product_tag?post=8656"}],"curies":[{"name":"wp","href":"https:\/\/api.w.org\/{rel}","templated":true}]}}