{"id":8663,"date":"2025-07-13T11:47:32","date_gmt":"2025-07-13T08:47:32","guid":{"rendered":"https:\/\/u.bytf.tk\/product\/mercan-v-20-cm-canak\/"},"modified":"2025-07-14T09:33:36","modified_gmt":"2025-07-14T06:33:36","slug":"mercan-v-20-cm-canak-cnkbrxmercan-20","status":"publish","type":"product","link":"https:\/\/u.bytf.tk\/en\/product\/mercan-v-20-cm-canak-cnkbrxmercan-20\/","title":{"rendered":"Mercan V 20 cm \u00c7anak"},"content":{"rendered":"<p>Mercan temal\u0131 bronz \u00e7anak<\/p>\n<p>Bronze<\/p>\n<p>\u00c7ap: 20 cm<\/p><\/p>","protected":false},"excerpt":{"rendered":"<p>Mercan temal\u0131 bronz \u00e7anak Bronz \u00c7ap: 20 cm<\/p>","protected":false},"featured_media":5417,"template":"","meta":[],"product_brand":[],"product_cat":[573,572],"product_tag":[175,84,85,177,156,214],"class_list":{"0":"post-8663","1":"product","2":"type-product","3":"status-publish","4":"has-post-thumbnail","6":"product_cat-canak","7":"product_cat-home","8":"product_tag-bowl","9":"product_tag-bronz","10":"product_tag-bronze","11":"product_tag-canak","12":"product_tag-obje","13":"product_tag-yeni","15":"first","16":"instock","17":"taxable","18":"shipping-taxable","19":"purchasable","20":"product-type-simple"},"_links":{"self":[{"href":"https:\/\/u.bytf.tk\/en\/wp-json\/wp\/v2\/product\/8663","targetHints":{"allow":["GET"]}}],"collection":[{"href":"https:\/\/u.bytf.tk\/en\/wp-json\/wp\/v2\/product"}],"about":[{"href":"https:\/\/u.bytf.tk\/en\/wp-json\/wp\/v2\/types\/product"}],"wp:featuredmedia":[{"embeddable":true,"href":"https:\/\/u.bytf.tk\/en\/wp-json\/wp\/v2\/media\/5417"}],"wp:attachment":[{"href":"https:\/\/u.bytf.tk\/en\/wp-json\/wp\/v2\/media?parent=8663"}],"wp:term":[{"taxonomy":"product_brand","embeddable":true,"href":"https:\/\/u.bytf.tk\/en\/wp-json\/wp\/v2\/product_brand?post=8663"},{"taxonomy":"product_cat","embeddable":true,"href":"https:\/\/u.bytf.tk\/en\/wp-json\/wp\/v2\/product_cat?post=8663"},{"taxonomy":"product_tag","embeddable":true,"href":"https:\/\/u.bytf.tk\/en\/wp-json\/wp\/v2\/product_tag?post=8663"}],"curies":[{"name":"wp","href":"https:\/\/api.w.org\/{rel}","templated":true}]}}