{"id":8664,"date":"2025-07-13T11:47:32","date_gmt":"2025-07-13T08:47:32","guid":{"rendered":"https:\/\/u.bytf.tk\/product\/horon-canak\/"},"modified":"2025-07-14T09:33:36","modified_gmt":"2025-07-14T06:33:36","slug":"horon-canak-cnkbrxhoron0000","status":"publish","type":"product","link":"https:\/\/u.bytf.tk\/en\/product\/horon-canak-cnkbrxhoron0000\/","title":{"rendered":"Horon \u00c7anak"},"content":{"rendered":"<p>Horon motifleriyle bezenmi\u015f mermer \u00e7anak<\/p>\n<p>Bronz, Mermer<\/p>\n<p>\u00c7ap: 16 cm<\/p><\/p>","protected":false},"excerpt":{"rendered":"<p>Horon motifleriyle bezenmi\u015f mermer \u00e7anak Bronz, Mermer \u00c7ap: 16 cm<\/p>","protected":false},"featured_media":5419,"template":"","meta":[],"product_brand":[],"product_cat":[573,572],"product_tag":[175,84,85,177,152,153,156],"class_list":{"0":"post-8664","1":"product","2":"type-product","3":"status-publish","4":"has-post-thumbnail","6":"product_cat-canak","7":"product_cat-home","8":"product_tag-bowl","9":"product_tag-bronz","10":"product_tag-bronze","11":"product_tag-canak","12":"product_tag-marble","13":"product_tag-mermer","14":"product_tag-obje","16":"first","17":"instock","18":"taxable","19":"shipping-taxable","20":"purchasable","21":"product-type-simple"},"_links":{"self":[{"href":"https:\/\/u.bytf.tk\/en\/wp-json\/wp\/v2\/product\/8664","targetHints":{"allow":["GET"]}}],"collection":[{"href":"https:\/\/u.bytf.tk\/en\/wp-json\/wp\/v2\/product"}],"about":[{"href":"https:\/\/u.bytf.tk\/en\/wp-json\/wp\/v2\/types\/product"}],"wp:featuredmedia":[{"embeddable":true,"href":"https:\/\/u.bytf.tk\/en\/wp-json\/wp\/v2\/media\/5419"}],"wp:attachment":[{"href":"https:\/\/u.bytf.tk\/en\/wp-json\/wp\/v2\/media?parent=8664"}],"wp:term":[{"taxonomy":"product_brand","embeddable":true,"href":"https:\/\/u.bytf.tk\/en\/wp-json\/wp\/v2\/product_brand?post=8664"},{"taxonomy":"product_cat","embeddable":true,"href":"https:\/\/u.bytf.tk\/en\/wp-json\/wp\/v2\/product_cat?post=8664"},{"taxonomy":"product_tag","embeddable":true,"href":"https:\/\/u.bytf.tk\/en\/wp-json\/wp\/v2\/product_tag?post=8664"}],"curies":[{"name":"wp","href":"https:\/\/api.w.org\/{rel}","templated":true}]}}