{"id":8690,"date":"2025-07-13T11:47:42","date_gmt":"2025-07-13T08:47:42","guid":{"rendered":"https:\/\/u.bytf.tk\/product\/gunesli-sikke-kupe\/"},"modified":"2025-07-14T09:33:44","modified_gmt":"2025-07-14T06:33:44","slug":"gunesli-sikke-kupe-kpeag18xgunes-s","status":"publish","type":"product","link":"https:\/\/u.bytf.tk\/en\/product\/gunesli-sikke-kupe-kpeag18xgunes-s\/","title":{"rendered":"G\u00fcne\u015fli Sikke K\u00fcpe"},"content":{"rendered":"<p>1237 senesinde Sultan Keyh\u00fcsrev&#8217;in,\u00a0G\u00fcrc\u00fc Hatun&#8217;a olan sevgisini g\u00f6stermek maksad\u0131yla bast\u0131rd\u0131\u011f\u0131 paralardan esinlenilerek tasarlanm\u0131\u015f k\u00fcpe. G\u00fcne\u015f, e\u015fi G\u00fcrc\u00fc Hatun&#8217;u sembolize etmektedir.<\/p>\n<p>18K Gold, 925 Sterling Silver<\/p><\/p>","protected":false},"excerpt":{"rendered":"<p>1237 senesinde Sultan Keyh\u00fcsrev&#8217;in,\u00a0G\u00fcrc\u00fc Hatun&#8217;a olan sevgisini g\u00f6stermek maksad\u0131yla bast\u0131rd\u0131\u011f\u0131 paralardan esinlenilerek tasarlanm\u0131\u015f k\u00fcpe. G\u00fcne\u015f, e\u015fi G\u00fcrc\u00fc Hatun&#8217;u sembolize etmektedir. 18 ayar Alt\u0131n, 925 ayar G\u00fcm\u00fc\u015f<\/p>","protected":false},"featured_media":5451,"template":"","meta":[],"product_brand":[],"product_cat":[569,562],"product_tag":[90,129,92,87,130,112,89,292,114,214],"class_list":{"0":"post-8690","1":"product","2":"type-product","3":"status-publish","4":"has-post-thumbnail","6":"product_cat-kupe","7":"product_cat-mucevher","8":"product_tag-altin","9":"product_tag-earring","10":"product_tag-gold","11":"product_tag-gumus","12":"product_tag-kupe","13":"product_tag-sevgililergunu","14":"product_tag-silver","15":"product_tag-sultan-sikke-koleksiyonu","16":"product_tag-valentines","17":"product_tag-yeni","19":"first","20":"instock","21":"taxable","22":"shipping-taxable","23":"purchasable","24":"product-type-simple"},"_links":{"self":[{"href":"https:\/\/u.bytf.tk\/en\/wp-json\/wp\/v2\/product\/8690","targetHints":{"allow":["GET"]}}],"collection":[{"href":"https:\/\/u.bytf.tk\/en\/wp-json\/wp\/v2\/product"}],"about":[{"href":"https:\/\/u.bytf.tk\/en\/wp-json\/wp\/v2\/types\/product"}],"wp:featuredmedia":[{"embeddable":true,"href":"https:\/\/u.bytf.tk\/en\/wp-json\/wp\/v2\/media\/5451"}],"wp:attachment":[{"href":"https:\/\/u.bytf.tk\/en\/wp-json\/wp\/v2\/media?parent=8690"}],"wp:term":[{"taxonomy":"product_brand","embeddable":true,"href":"https:\/\/u.bytf.tk\/en\/wp-json\/wp\/v2\/product_brand?post=8690"},{"taxonomy":"product_cat","embeddable":true,"href":"https:\/\/u.bytf.tk\/en\/wp-json\/wp\/v2\/product_cat?post=8690"},{"taxonomy":"product_tag","embeddable":true,"href":"https:\/\/u.bytf.tk\/en\/wp-json\/wp\/v2\/product_tag?post=8690"}],"curies":[{"name":"wp","href":"https:\/\/api.w.org\/{rel}","templated":true}]}}