{"id":8694,"date":"2025-07-13T11:47:42","date_gmt":"2025-07-13T08:47:42","guid":{"rendered":"https:\/\/u.bytf.tk\/product\/zebra-ii-yuzuk\/"},"modified":"2025-07-14T09:33:46","modified_gmt":"2025-07-14T06:33:46","slug":"zebra-ii-yuzuk-yzkaa18hzebra00","status":"publish","type":"product","link":"https:\/\/u.bytf.tk\/en\/product\/zebra-ii-yuzuk-yzkaa18hzebra00\/","title":{"rendered":"Zebra II Y\u00fcz\u00fck"},"content":{"rendered":"<p>Serengeti, belki de do\u011fan\u0131n en zengin ve her rengini i\u00e7inde bar\u0131nd\u0131ran paha bi\u00e7ilemez bir yer olarak \u00f6n plana \u00e7\u0131karken; ona bu nitelikleri katan canl\u0131lar\u0131n temel g\u00f6rsel \u00f6zelliklerinden esinlenilerek tasarlanan par\u00e7alar bu koleksiyonda toplanm\u0131\u015ft\u0131r.<\/p>\n<p>18 ayar Alt\u0131n, Yakut, Kahve P\u0131rlanta<\/p>\n<p>\u00a0<\/p>","protected":false},"excerpt":{"rendered":"<p>Serengeti, belki de do\u011fan\u0131n en zengin ve her rengini i\u00e7inde bar\u0131nd\u0131ran paha bi\u00e7ilemez bir yer olarak \u00f6n plana \u00e7\u0131karken; ona bu nitelikleri katan canl\u0131lar\u0131n temel g\u00f6rsel \u00f6zelliklerinden esinlenilerek tasarlanan par\u00e7alar bu koleksiyonda toplanm\u0131\u015ft\u0131r. 18 ayar Alt\u0131n, Yakut, Kahve P\u0131rlanta \u00a0<\/p>","protected":false},"featured_media":5470,"template":"","meta":[],"product_brand":[],"product_cat":[562,571],"product_tag":[90,93,143,92,144,94,145,210,295,296,211,214,148],"class_list":{"0":"post-8694","1":"product","2":"type-product","3":"status-publish","4":"has-post-thumbnail","6":"product_cat-mucevher","7":"product_cat-yuzuk","8":"product_tag-altin","9":"product_tag-diamond","10":"product_tag-enamel","11":"product_tag-gold","12":"product_tag-mine","13":"product_tag-pirlanta","14":"product_tag-ring","15":"product_tag-ruby","16":"product_tag-serengeti","17":"product_tag-serengeti-koleksiyonu","18":"product_tag-yakut","19":"product_tag-yeni","20":"product_tag-yuzuk","22":"first","23":"instock","24":"taxable","25":"shipping-taxable","26":"purchasable","27":"product-type-variable"},"_links":{"self":[{"href":"https:\/\/u.bytf.tk\/en\/wp-json\/wp\/v2\/product\/8694","targetHints":{"allow":["GET"]}}],"collection":[{"href":"https:\/\/u.bytf.tk\/en\/wp-json\/wp\/v2\/product"}],"about":[{"href":"https:\/\/u.bytf.tk\/en\/wp-json\/wp\/v2\/types\/product"}],"wp:featuredmedia":[{"embeddable":true,"href":"https:\/\/u.bytf.tk\/en\/wp-json\/wp\/v2\/media\/5470"}],"wp:attachment":[{"href":"https:\/\/u.bytf.tk\/en\/wp-json\/wp\/v2\/media?parent=8694"}],"wp:term":[{"taxonomy":"product_brand","embeddable":true,"href":"https:\/\/u.bytf.tk\/en\/wp-json\/wp\/v2\/product_brand?post=8694"},{"taxonomy":"product_cat","embeddable":true,"href":"https:\/\/u.bytf.tk\/en\/wp-json\/wp\/v2\/product_cat?post=8694"},{"taxonomy":"product_tag","embeddable":true,"href":"https:\/\/u.bytf.tk\/en\/wp-json\/wp\/v2\/product_tag?post=8694"}],"curies":[{"name":"wp","href":"https:\/\/api.w.org\/{rel}","templated":true}]}}