{"id":8701,"date":"2025-07-13T11:47:50","date_gmt":"2025-07-13T08:47:50","guid":{"rendered":"https:\/\/u.bytf.tk\/product\/gunesli-sikke-ikili-cerezlik\/"},"modified":"2025-07-14T09:33:51","modified_gmt":"2025-07-14T06:33:51","slug":"gunesli-sikke-ikili-cerezlik-crzgoxgun-sikke","status":"publish","type":"product","link":"https:\/\/u.bytf.tk\/en\/product\/gunesli-sikke-ikili-cerezlik-crzgoxgun-sikke\/","title":{"rendered":"Sunny Coin Double Cookie Holder"},"content":{"rendered":"<p>1237 senesinde Sultan Keyh\u00fcsrev&#8217;in,\u00a0G\u00fcrc\u00fc Hatun&#8217;a olan sevgisini g\u00f6stermek maksad\u0131yla bast\u0131rd\u0131\u011f\u0131 paralardan esinlenilerek tasarlanm\u0131\u015f \u00e7erezlik. G\u00fcne\u015f, e\u015fi G\u00fcrc\u00fc Hatun&#8217;u sembolize etmektedir.<\/p>\n<p>925 ayar G\u00fcm\u00fc\u015f, Bronz<\/p>\n<p>Y\u00fckseklik 9,5 cm, Kaselerin \u00e7ap\u0131 : 7,5 cm (15 cm)<\/p><\/p>","protected":false},"excerpt":{"rendered":"<p>1237 senesinde Sultan Keyh\u00fcsrev&#8217;in,\u00a0G\u00fcrc\u00fc Hatun&#8217;a olan sevgisini g\u00f6stermek maksad\u0131yla bast\u0131rd\u0131\u011f\u0131 paralardan esinlenilerek tasarlanm\u0131\u015f \u00e7erezlik. G\u00fcne\u015f, e\u015fi G\u00fcrc\u00fc Hatun&#8217;u sembolize etmektedir. 925 ayar G\u00fcm\u00fc\u015f, Bronz Y\u00fckseklik 9,5 cm, Kaselerin \u00e7ap\u0131 : 7,5 cm (15 cm)<\/p>","protected":false},"featured_media":5487,"template":"","meta":[],"product_brand":[],"product_cat":[572,575],"product_tag":[175,84,85,177,239,109,87,156,299,89,214,115],"class_list":{"0":"post-8701","1":"product","2":"type-product","3":"status-publish","4":"has-post-thumbnail","6":"product_cat-home","7":"product_cat-sofra","8":"product_tag-bowl","9":"product_tag-bronz","10":"product_tag-bronze","11":"product_tag-canak","12":"product_tag-cerezlik","13":"product_tag-chrismas","14":"product_tag-gumus","15":"product_tag-obje","16":"product_tag-sikke-koleksiyonu","17":"product_tag-silver","18":"product_tag-yeni","19":"product_tag-yilbasi","21":"first","22":"instock","23":"taxable","24":"shipping-taxable","25":"purchasable","26":"product-type-simple"},"_links":{"self":[{"href":"https:\/\/u.bytf.tk\/en\/wp-json\/wp\/v2\/product\/8701","targetHints":{"allow":["GET"]}}],"collection":[{"href":"https:\/\/u.bytf.tk\/en\/wp-json\/wp\/v2\/product"}],"about":[{"href":"https:\/\/u.bytf.tk\/en\/wp-json\/wp\/v2\/types\/product"}],"wp:featuredmedia":[{"embeddable":true,"href":"https:\/\/u.bytf.tk\/en\/wp-json\/wp\/v2\/media\/5487"}],"wp:attachment":[{"href":"https:\/\/u.bytf.tk\/en\/wp-json\/wp\/v2\/media?parent=8701"}],"wp:term":[{"taxonomy":"product_brand","embeddable":true,"href":"https:\/\/u.bytf.tk\/en\/wp-json\/wp\/v2\/product_brand?post=8701"},{"taxonomy":"product_cat","embeddable":true,"href":"https:\/\/u.bytf.tk\/en\/wp-json\/wp\/v2\/product_cat?post=8701"},{"taxonomy":"product_tag","embeddable":true,"href":"https:\/\/u.bytf.tk\/en\/wp-json\/wp\/v2\/product_tag?post=8701"}],"curies":[{"name":"wp","href":"https:\/\/api.w.org\/{rel}","templated":true}]}}