{"id":8714,"date":"2025-07-13T11:47:50","date_gmt":"2025-07-13T08:47:50","guid":{"rendered":"https:\/\/u.bytf.tk\/product\/yaprak-pul-idol-uzun-kupe\/"},"modified":"2025-07-14T09:33:53","modified_gmt":"2025-07-14T06:33:53","slug":"yaprak-pul-idol-uzun-kupe-kpeaa18dyap-pul","status":"publish","type":"product","link":"https:\/\/u.bytf.tk\/en\/product\/yaprak-pul-idol-uzun-kupe-kpeaa18dyap-pul\/","title":{"rendered":"Yaprak Pul \u0130dol Uzun K\u00fcpe"},"content":{"rendered":"<p>Eski Tun\u00e7 \u00e7a\u011f\u0131 idollerinden esinlenilerek, modern anlay\u0131\u015fla tasarlanm\u0131\u015f k\u00fcpe<\/p>\n<p>18 ayar Alt\u0131n<\/p><\/p>","protected":false},"excerpt":{"rendered":"<p>Eski Tun\u00e7 \u00e7a\u011f\u0131 idollerinden esinlenilerek, modern anlay\u0131\u015fla tasarlanm\u0131\u015f k\u00fcpe 18 ayar Alt\u0131n<\/p>","protected":false},"featured_media":5524,"template":"","meta":[],"product_brand":[],"product_cat":[569,562],"product_tag":[90,129,92,302,303,130],"class_list":{"0":"post-8714","1":"product","2":"type-product","3":"status-publish","4":"has-post-thumbnail","6":"product_cat-kupe","7":"product_cat-mucevher","8":"product_tag-altin","9":"product_tag-earring","10":"product_tag-gold","11":"product_tag-idol","12":"product_tag-idol-koleksiyonu","13":"product_tag-kupe","15":"first","16":"instock","17":"taxable","18":"shipping-taxable","19":"purchasable","20":"product-type-simple"},"_links":{"self":[{"href":"https:\/\/u.bytf.tk\/en\/wp-json\/wp\/v2\/product\/8714","targetHints":{"allow":["GET"]}}],"collection":[{"href":"https:\/\/u.bytf.tk\/en\/wp-json\/wp\/v2\/product"}],"about":[{"href":"https:\/\/u.bytf.tk\/en\/wp-json\/wp\/v2\/types\/product"}],"wp:featuredmedia":[{"embeddable":true,"href":"https:\/\/u.bytf.tk\/en\/wp-json\/wp\/v2\/media\/5524"}],"wp:attachment":[{"href":"https:\/\/u.bytf.tk\/en\/wp-json\/wp\/v2\/media?parent=8714"}],"wp:term":[{"taxonomy":"product_brand","embeddable":true,"href":"https:\/\/u.bytf.tk\/en\/wp-json\/wp\/v2\/product_brand?post=8714"},{"taxonomy":"product_cat","embeddable":true,"href":"https:\/\/u.bytf.tk\/en\/wp-json\/wp\/v2\/product_cat?post=8714"},{"taxonomy":"product_tag","embeddable":true,"href":"https:\/\/u.bytf.tk\/en\/wp-json\/wp\/v2\/product_tag?post=8714"}],"curies":[{"name":"wp","href":"https:\/\/api.w.org\/{rel}","templated":true}]}}