{"id":8716,"date":"2025-07-13T11:47:59","date_gmt":"2025-07-13T08:47:59","guid":{"rendered":"https:\/\/u.bytf.tk\/product\/idol-queen-kolye\/"},"modified":"2025-07-14T09:33:53","modified_gmt":"2025-07-14T06:33:53","slug":"idol-yuvarlak-kolye-klyag18xidol000","status":"publish","type":"product","link":"https:\/\/u.bytf.tk\/en\/product\/idol-yuvarlak-kolye-klyag18xidol000\/","title":{"rendered":"\u0130dol Yuvarlak Kolye"},"content":{"rendered":"<p>Eski Tun\u00e7 \u00e7a\u011f\u0131 idollerinden esinlenilerek, modern anlay\u0131\u015fla tasarlanm\u0131\u015f kolye<\/p>\n<p>18K Gold, 925 Sterling Silver<\/p>\n<p>Kolye standart uzunlu\u011fu 42 cm.<\/p><\/p>","protected":false},"excerpt":{"rendered":"<p>Eski Tun\u00e7 \u00e7a\u011f\u0131 idollerinden esinlenilerek, modern anlay\u0131\u015fla tasarlanm\u0131\u015f kolye 18 ayar Alt\u0131n, 925 ayar G\u00fcm\u00fc\u015f Kolye standart uzunlu\u011fu 42 cm.<\/p>","protected":false},"featured_media":5534,"template":"","meta":[],"product_brand":[],"product_cat":[567,562,589,588],"product_tag":[90,92,87,302,303,106,107,89,214],"class_list":{"0":"post-8716","1":"product","2":"type-product","3":"status-publish","4":"has-post-thumbnail","6":"product_cat-kolye","7":"product_cat-mucevher","8":"product_cat-novus","9":"product_cat-yeni","10":"product_tag-altin","11":"product_tag-gold","12":"product_tag-gumus","13":"product_tag-idol","14":"product_tag-idol-koleksiyonu","15":"product_tag-kolye","16":"product_tag-necklace","17":"product_tag-silver","18":"product_tag-yeni","20":"first","21":"instock","22":"taxable","23":"shipping-taxable","24":"purchasable","25":"product-type-simple"},"_links":{"self":[{"href":"https:\/\/u.bytf.tk\/en\/wp-json\/wp\/v2\/product\/8716","targetHints":{"allow":["GET"]}}],"collection":[{"href":"https:\/\/u.bytf.tk\/en\/wp-json\/wp\/v2\/product"}],"about":[{"href":"https:\/\/u.bytf.tk\/en\/wp-json\/wp\/v2\/types\/product"}],"wp:featuredmedia":[{"embeddable":true,"href":"https:\/\/u.bytf.tk\/en\/wp-json\/wp\/v2\/media\/5534"}],"wp:attachment":[{"href":"https:\/\/u.bytf.tk\/en\/wp-json\/wp\/v2\/media?parent=8716"}],"wp:term":[{"taxonomy":"product_brand","embeddable":true,"href":"https:\/\/u.bytf.tk\/en\/wp-json\/wp\/v2\/product_brand?post=8716"},{"taxonomy":"product_cat","embeddable":true,"href":"https:\/\/u.bytf.tk\/en\/wp-json\/wp\/v2\/product_cat?post=8716"},{"taxonomy":"product_tag","embeddable":true,"href":"https:\/\/u.bytf.tk\/en\/wp-json\/wp\/v2\/product_tag?post=8716"}],"curies":[{"name":"wp","href":"https:\/\/api.w.org\/{rel}","templated":true}]}}