{"id":8720,"date":"2025-07-13T11:47:59","date_gmt":"2025-07-13T08:47:59","guid":{"rendered":"https:\/\/u.bytf.tk\/product\/inanna-24-kupe\/"},"modified":"2025-07-14T09:33:54","modified_gmt":"2025-07-14T06:33:54","slug":"inanna-24-kupe-kpeaa18dinanna0","status":"publish","type":"product","link":"https:\/\/u.bytf.tk\/en\/product\/inanna-24-kupe-kpeaa18dinanna0\/","title":{"rendered":"\u0130nanna 24 K\u00fcpe"},"content":{"rendered":"<p>Cennetin krali\u00e7esi \u0130nanna, S\u00fcmer tanr\u0131lar\u0131 aras\u0131nda en pop\u00fcler olan\u0131yd\u0131. A\u015fk, tutku, cinsellik ve sava\u015f tanr\u0131\u00e7as\u0131 olarak kabul ediliyordu. Sembolleri aslan ve sekiz k\u00f6\u015feli y\u0131ld\u0131zd\u0131.<\/p>\n<p>\u00c7ok pop\u00fcler olmas\u0131 nedeniyle, neredeyse b\u00fct\u00fcn S\u00fcmer metinlerinde ad\u0131 ge\u00e7en bu tanr\u0131\u00e7an\u0131n sembolleri ve betimlerinden esinlenilerek tasarlanm\u0131\u015f modern tasar\u0131m.<\/p>\n<p>18 ayar Alt\u0131n, P\u0131rlanta<\/p><\/p>","protected":false},"excerpt":{"rendered":"<p>Cennetin krali\u00e7esi \u0130nanna, S\u00fcmer tanr\u0131lar\u0131 aras\u0131nda en pop\u00fcler olan\u0131yd\u0131. A\u015fk, tutku, cinsellik ve sava\u015f tanr\u0131\u00e7as\u0131 olarak kabul ediliyordu. Sembolleri aslan ve sekiz k\u00f6\u015feli y\u0131ld\u0131zd\u0131. \u00c7ok pop\u00fcler olmas\u0131 nedeniyle, neredeyse b\u00fct\u00fcn S\u00fcmer metinlerinde ad\u0131 ge\u00e7en bu tanr\u0131\u00e7an\u0131n sembolleri ve betimlerinden esinlenilerek tasarlanm\u0131\u015f modern tasar\u0131m. 18 ayar Alt\u0131n, P\u0131rlanta<\/p>","protected":false},"featured_media":5544,"template":"","meta":[],"product_brand":[],"product_cat":[569,562],"product_tag":[90,93,129,92,304,305,130,94,214],"class_list":{"0":"post-8720","1":"product","2":"type-product","3":"status-publish","4":"has-post-thumbnail","6":"product_cat-kupe","7":"product_cat-mucevher","8":"product_tag-altin","9":"product_tag-diamond","10":"product_tag-earring","11":"product_tag-gold","12":"product_tag-inanna","13":"product_tag-inanna-koleksiyonu","14":"product_tag-kupe","15":"product_tag-pirlanta","16":"product_tag-yeni","18":"first","19":"instock","20":"taxable","21":"shipping-taxable","22":"purchasable","23":"product-type-simple"},"_links":{"self":[{"href":"https:\/\/u.bytf.tk\/en\/wp-json\/wp\/v2\/product\/8720","targetHints":{"allow":["GET"]}}],"collection":[{"href":"https:\/\/u.bytf.tk\/en\/wp-json\/wp\/v2\/product"}],"about":[{"href":"https:\/\/u.bytf.tk\/en\/wp-json\/wp\/v2\/types\/product"}],"wp:featuredmedia":[{"embeddable":true,"href":"https:\/\/u.bytf.tk\/en\/wp-json\/wp\/v2\/media\/5544"}],"wp:attachment":[{"href":"https:\/\/u.bytf.tk\/en\/wp-json\/wp\/v2\/media?parent=8720"}],"wp:term":[{"taxonomy":"product_brand","embeddable":true,"href":"https:\/\/u.bytf.tk\/en\/wp-json\/wp\/v2\/product_brand?post=8720"},{"taxonomy":"product_cat","embeddable":true,"href":"https:\/\/u.bytf.tk\/en\/wp-json\/wp\/v2\/product_cat?post=8720"},{"taxonomy":"product_tag","embeddable":true,"href":"https:\/\/u.bytf.tk\/en\/wp-json\/wp\/v2\/product_tag?post=8720"}],"curies":[{"name":"wp","href":"https:\/\/api.w.org\/{rel}","templated":true}]}}