{"id":8730,"date":"2025-07-13T11:48:08","date_gmt":"2025-07-13T08:48:08","guid":{"rendered":"https:\/\/u.bytf.tk\/product\/hitit-burma-24-buyuk-kolye\/"},"modified":"2025-07-14T09:34:00","modified_gmt":"2025-07-14T06:34:00","slug":"hitit-burma-24-buyuk-kolye-klyaa18hhitit24","status":"publish","type":"product","link":"https:\/\/u.bytf.tk\/en\/product\/hitit-burma-24-buyuk-kolye-klyaa18hhitit24\/","title":{"rendered":"Hitit Burma 24 B\u00fcy\u00fck Kolye"},"content":{"rendered":"<p>Novus literally means new. But novelty is relative. There has been an uninterrupted change and renewal in the line of culture and art throughout the ages. The designs in this collection are the reinterpretation of artifacts from the Old Bronze Age, jewelry from the Hittites, accessories from Troy, etc. for today. The same artifacts were interpreted by Urart in the past, but these artifacts with a rich design and history that can be interpreted in different time periods and in different styles are classics that have stood the test of time.<\/p>\n<p>18 ayar Alt\u0131n, \u0130nci, P\u0131rlanta<\/p>\n<p>Kolye standart uzunluk 40 cm<\/p><\/p>","protected":false},"excerpt":{"rendered":"<p>Novus kelime anlam\u0131yla yeni demektir. Ama yenilik\u00a0g\u00f6recelidir. K\u00fclt\u00fcr ve sanat \u00e7izgisinde \u00e7a\u011flar boyu kesintisiz\u00a0bir de\u011fi\u015fim ve yenilenme s\u00fcregelmi\u015ftir. Bu koleksiyondaki tasar\u0131mlar; Eski Tun\u00e7 \u00e7a\u011f\u0131ndan kalan eserlerin, Hitit&#8217;lerden m\u00fccevherlerin, Troya\u2019dan aksesuarlar\u0131n vb. g\u00fcn\u00fcm\u00fcz i\u00e7in yeniden yorumlanmas\u0131d\u0131r. Ayn\u0131 eserler ge\u00e7mi\u015fte de Urart taraf\u0131ndan yorumlanm\u0131\u015ft\u0131r; lakin farkl\u0131 zaman dilimlerinde, farkl\u0131 tarzlarda yorumlanabilecek zengin bir&hellip;<\/p>","protected":false},"featured_media":5586,"template":"","meta":[],"product_brand":[],"product_cat":[567,562,589,588],"product_tag":[90,93,92,123,300,301,124,94,214],"class_list":{"0":"post-8730","1":"product","2":"type-product","3":"status-publish","4":"has-post-thumbnail","6":"product_cat-kolye","7":"product_cat-mucevher","8":"product_cat-novus","9":"product_cat-yeni","10":"product_tag-altin","11":"product_tag-diamond","12":"product_tag-gold","13":"product_tag-inci","14":"product_tag-novus","15":"product_tag-novus-koleksiyonu","16":"product_tag-pearl","17":"product_tag-pirlanta","18":"product_tag-yeni","20":"first","21":"instock","22":"taxable","23":"shipping-taxable","24":"purchasable","25":"product-type-simple"},"_links":{"self":[{"href":"https:\/\/u.bytf.tk\/en\/wp-json\/wp\/v2\/product\/8730","targetHints":{"allow":["GET"]}}],"collection":[{"href":"https:\/\/u.bytf.tk\/en\/wp-json\/wp\/v2\/product"}],"about":[{"href":"https:\/\/u.bytf.tk\/en\/wp-json\/wp\/v2\/types\/product"}],"wp:featuredmedia":[{"embeddable":true,"href":"https:\/\/u.bytf.tk\/en\/wp-json\/wp\/v2\/media\/5586"}],"wp:attachment":[{"href":"https:\/\/u.bytf.tk\/en\/wp-json\/wp\/v2\/media?parent=8730"}],"wp:term":[{"taxonomy":"product_brand","embeddable":true,"href":"https:\/\/u.bytf.tk\/en\/wp-json\/wp\/v2\/product_brand?post=8730"},{"taxonomy":"product_cat","embeddable":true,"href":"https:\/\/u.bytf.tk\/en\/wp-json\/wp\/v2\/product_cat?post=8730"},{"taxonomy":"product_tag","embeddable":true,"href":"https:\/\/u.bytf.tk\/en\/wp-json\/wp\/v2\/product_tag?post=8730"}],"curies":[{"name":"wp","href":"https:\/\/api.w.org\/{rel}","templated":true}]}}