{"id":9996,"date":"2025-07-14T02:24:31","date_gmt":"2025-07-13T23:24:31","guid":{"rendered":"https:\/\/u.bytf.tk\/product\/sirin-celenk-sari-pirlanta-citrine-kolye-klyaa18hsir-cel\/"},"modified":"2025-07-14T09:34:38","modified_gmt":"2025-07-14T06:34:38","slug":"sirin-celenk-sari-pirlanta-citrine-kolye-klyaa18hsir-cel-6821","status":"publish","type":"product","link":"https:\/\/u.bytf.tk\/en\/product\/sirin-celenk-sari-pirlanta-citrine-kolye-klyaa18hsir-cel-6821\/","title":{"rendered":"\u015eirin \u00c7elenk Sar\u0131 P\u0131rlanta Citrine Kolye"},"content":{"rendered":"<p>Bahar\u0131n co\u015fkusunu, ne\u015feyi, sevgi ve \u00f6zlemleri \u00e7i\u00e7ek ve yapraklarla \u00f6ren \u00e7elenkler.<\/p>\n<p>18 ayar Alt\u0131n, Citrine, P\u0131rlanta<\/p>\n<p>Kolye standart uzunlu\u011fu 42 cm<\/p><\/p>","protected":false},"excerpt":{"rendered":"<p>Bahar\u0131n co\u015fkusunu, ne\u015feyi, sevgi ve \u00f6zlemleri \u00e7i\u00e7ek ve yapraklarla \u00f6ren \u00e7elenkler. 18 ayar Alt\u0131n, Citrine, P\u0131rlanta Kolye standart uzunlu\u011fu 42 cm<\/p>","protected":false},"featured_media":5295,"template":"","meta":[],"product_brand":[],"product_cat":[567,562],"product_tag":[90,283,284,276,93,92,106,107,94,214],"class_list":{"0":"post-9996","1":"product","2":"type-product","3":"status-publish","4":"has-post-thumbnail","6":"product_cat-kolye","7":"product_cat-mucevher","8":"product_tag-altin","9":"product_tag-celenk","10":"product_tag-celenk-koleksiyonu","11":"product_tag-citrine","12":"product_tag-diamond","13":"product_tag-gold","14":"product_tag-kolye","15":"product_tag-necklace","16":"product_tag-pirlanta","17":"product_tag-yeni","19":"first","20":"instock","21":"taxable","22":"shipping-taxable","23":"purchasable","24":"product-type-simple"},"_links":{"self":[{"href":"https:\/\/u.bytf.tk\/en\/wp-json\/wp\/v2\/product\/9996","targetHints":{"allow":["GET"]}}],"collection":[{"href":"https:\/\/u.bytf.tk\/en\/wp-json\/wp\/v2\/product"}],"about":[{"href":"https:\/\/u.bytf.tk\/en\/wp-json\/wp\/v2\/types\/product"}],"wp:featuredmedia":[{"embeddable":true,"href":"https:\/\/u.bytf.tk\/en\/wp-json\/wp\/v2\/media\/5295"}],"wp:attachment":[{"href":"https:\/\/u.bytf.tk\/en\/wp-json\/wp\/v2\/media?parent=9996"}],"wp:term":[{"taxonomy":"product_brand","embeddable":true,"href":"https:\/\/u.bytf.tk\/en\/wp-json\/wp\/v2\/product_brand?post=9996"},{"taxonomy":"product_cat","embeddable":true,"href":"https:\/\/u.bytf.tk\/en\/wp-json\/wp\/v2\/product_cat?post=9996"},{"taxonomy":"product_tag","embeddable":true,"href":"https:\/\/u.bytf.tk\/en\/wp-json\/wp\/v2\/product_tag?post=9996"}],"curies":[{"name":"wp","href":"https:\/\/api.w.org\/{rel}","templated":true}]}}