{"id":7838,"date":"2025-07-12T14:18:06","date_gmt":"2025-07-12T11:18:06","guid":{"rendered":"https:\/\/u.bytf.tk\/?page_id=7838"},"modified":"2025-07-12T14:26:57","modified_gmt":"2025-07-12T11:26:57","slug":"raffles-hotel","status":"publish","type":"page","link":"https:\/\/u.bytf.tk\/tr\/raffles-hotel\/","title":{"rendered":"Raffles Hotel"},"content":{"rendered":"\t\t<div data-elementor-type=\"wp-page\" data-elementor-id=\"7838\" class=\"elementor elementor-7838\" data-elementor-post-type=\"page\">\n\t\t\t\t<div class=\"elementor-element elementor-element-ce96564 e-flex e-con-boxed lakit-col-width-auto-no e-container e-root-container elementor-top-section e-con e-parent\" data-id=\"ce96564\" data-element_type=\"container\">\n\t\t\t\t\t<div class=\"e-con-inner\">\n\t\t\t\t<div class=\"elementor-element elementor-element-70d63da imagelayout-preset-type-2 elementor-widget lastudio-kit elementor-lakit-images-layout\" data-id=\"70d63da\" data-element_type=\"widget\" data-widget_type=\"lakit-images-layout.default\">\n\t\t\t\t\t\n<div class=\"lakit-images-layout layout-type-grid preset-type-2\" data-item_selector=\".lakit-images-layout__item\" >\n        <div class=\"lakit-images-layout__list_wrapper\">\n        <div class=\"lakit-images-layout__list col-row\">\n            <div class=\"lakit-images-layout__item  col-desk-4 col-lap-4 col-tab-4 col-tabp-4\">\n\t<div class=\"lakit-images-layout__inner\">\n\t\t<a class=\"lakit-images-layout__link\" href=\"https:\/\/u.bytf.tk\/wp-content\/uploads\/2025\/07\/Pirinc-Canak.png\" data-elementor-open-lightbox=\"yes\" data-elementor-lightbox-slideshow=\"70d63da\" data-elementor-lightbox-title=\"\">\n\t\t\t<div class=\"lakit-images-layout__image\"><img loading=\"lazy\" decoding=\"async\" src=\"https:\/\/u.bytf.tk\/wp-content\/uploads\/2025\/07\/Pirinc-Canak.png\" loading=\"lazy\" class=\"lakit-images-layout__image-instance\" width=\"567\" height=\"567\" alt=\"\" style=\"--img-height:567px\">\t\t\t<\/div>\n\t\t\t<div class=\"lakit-images-layout__content\"><div class=\"lakit-images-layout__desc\">Pirin\u00e7 \u00c7anak<\/div><\/div>\n\t\t<\/a>\n\t<\/div>\n<\/div><div class=\"lakit-images-layout__item  col-desk-4 col-lap-4 col-tab-4 col-tabp-4\">\n\t<div class=\"lakit-images-layout__inner\">\n\t\t<a class=\"lakit-images-layout__link\" href=\"https:\/\/u.bytf.tk\/wp-content\/uploads\/2025\/07\/Pirinc-Vazo-Canak-scaled.jpg\" data-elementor-open-lightbox=\"yes\" data-elementor-lightbox-slideshow=\"70d63da\" data-elementor-lightbox-title=\"\">\n\t\t\t<div class=\"lakit-images-layout__image\"><img loading=\"lazy\" decoding=\"async\" src=\"https:\/\/u.bytf.tk\/wp-content\/uploads\/2025\/07\/Pirinc-Vazo-Canak-scaled.jpg\" loading=\"lazy\" class=\"lakit-images-layout__image-instance\" width=\"1810\" height=\"2560\" alt=\"\" style=\"--img-height:2560px\">\t\t\t<\/div>\n\t\t\t<div class=\"lakit-images-layout__content\"><div class=\"lakit-images-layout__desc\">Pirin\u00e7 Vazo & \u00c7anak<\/div><\/div>\n\t\t<\/a>\n\t<\/div>\n<\/div><div class=\"lakit-images-layout__item  col-desk-4 col-lap-4 col-tab-4 col-tabp-4\">\n\t<div class=\"lakit-images-layout__inner\">\n\t\t<a class=\"lakit-images-layout__link\" href=\"https:\/\/u.bytf.tk\/wp-content\/uploads\/2025\/07\/Pirinc-Vazo.png\" data-elementor-open-lightbox=\"yes\" data-elementor-lightbox-slideshow=\"70d63da\" data-elementor-lightbox-title=\"\">\n\t\t\t<div class=\"lakit-images-layout__image\"><img loading=\"lazy\" decoding=\"async\" src=\"https:\/\/u.bytf.tk\/wp-content\/uploads\/2025\/07\/Pirinc-Vazo.png\" loading=\"lazy\" class=\"lakit-images-layout__image-instance\" width=\"567\" height=\"567\" alt=\"\" style=\"--img-height:567px\">\t\t\t<\/div>\n\t\t\t<div class=\"lakit-images-layout__content\"><div class=\"lakit-images-layout__desc\">Pirin\u00e7 Vazo<\/div><\/div>\n\t\t<\/a>\n\t<\/div>\n<\/div><div class=\"lakit-images-layout__item  col-desk-4 col-lap-4 col-tab-4 col-tabp-4\">\n\t<div class=\"lakit-images-layout__inner\">\n\t\t<a class=\"lakit-images-layout__link\" href=\"https:\/\/u.bytf.tk\/wp-content\/uploads\/2025\/07\/Tavus-Kusu-01-scaled.jpg\" data-elementor-open-lightbox=\"yes\" data-elementor-lightbox-slideshow=\"70d63da\" data-elementor-lightbox-title=\"\">\n\t\t\t<div class=\"lakit-images-layout__image\"><img loading=\"lazy\" decoding=\"async\" src=\"https:\/\/u.bytf.tk\/wp-content\/uploads\/2025\/07\/Tavus-Kusu-01-scaled.jpg\" loading=\"lazy\" class=\"lakit-images-layout__image-instance\" width=\"1810\" height=\"2560\" alt=\"\" style=\"--img-height:2560px\">\t\t\t<\/div>\n\t\t\t<div class=\"lakit-images-layout__content\"><div class=\"lakit-images-layout__desc\">Tavus Ku\u015fu<\/div><\/div>\n\t\t<\/a>\n\t<\/div>\n<\/div><div class=\"lakit-images-layout__item  col-desk-4 col-lap-4 col-tab-4 col-tabp-4\">\n\t<div class=\"lakit-images-layout__inner\">\n\t\t<a class=\"lakit-images-layout__link\" href=\"https:\/\/u.bytf.tk\/wp-content\/uploads\/2025\/07\/Tavus-Kusu-Buyuk.png\" data-elementor-open-lightbox=\"yes\" data-elementor-lightbox-slideshow=\"70d63da\" data-elementor-lightbox-title=\"\">\n\t\t\t<div class=\"lakit-images-layout__image\"><img loading=\"lazy\" decoding=\"async\" src=\"https:\/\/u.bytf.tk\/wp-content\/uploads\/2025\/07\/Tavus-Kusu-Buyuk.png\" loading=\"lazy\" class=\"lakit-images-layout__image-instance\" width=\"567\" height=\"567\" alt=\"\" style=\"--img-height:567px\">\t\t\t<\/div>\n\t\t\t<div class=\"lakit-images-layout__content\"><div class=\"lakit-images-layout__desc\">Tavus Ku\u015fu B\u00fcy\u00fck<\/div><\/div>\n\t\t<\/a>\n\t<\/div>\n<\/div><div class=\"lakit-images-layout__item  col-desk-4 col-lap-4 col-tab-4 col-tabp-4\">\n\t<div class=\"lakit-images-layout__inner\">\n\t\t<a class=\"lakit-images-layout__link\" href=\"https:\/\/u.bytf.tk\/wp-content\/uploads\/2025\/07\/Tavus-Kusu-Kucuk.png\" data-elementor-open-lightbox=\"yes\" data-elementor-lightbox-slideshow=\"70d63da\" data-elementor-lightbox-title=\"\">\n\t\t\t<div class=\"lakit-images-layout__image\"><img loading=\"lazy\" decoding=\"async\" src=\"https:\/\/u.bytf.tk\/wp-content\/uploads\/2025\/07\/Tavus-Kusu-Kucuk.png\" loading=\"lazy\" class=\"lakit-images-layout__image-instance\" width=\"567\" height=\"567\" alt=\"\" style=\"--img-height:567px\">\t\t\t<\/div>\n\t\t\t<div class=\"lakit-images-layout__content\"><div class=\"lakit-images-layout__desc\">Tavus Ku\u015fu K\u00fc\u00e7\u00fck<\/div><\/div>\n\t\t<\/a>\n\t<\/div>\n<\/div><div class=\"lakit-images-layout__item  col-desk-4 col-lap-4 col-tab-4 col-tabp-4\">\n\t<div class=\"lakit-images-layout__inner\">\n\t\t<a class=\"lakit-images-layout__link\" href=\"https:\/\/u.bytf.tk\/wp-content\/uploads\/2025\/07\/Zorlu-Center.png\" data-elementor-open-lightbox=\"yes\" data-elementor-lightbox-slideshow=\"70d63da\" data-elementor-lightbox-title=\"\">\n\t\t\t<div class=\"lakit-images-layout__image\"><img loading=\"lazy\" decoding=\"async\" src=\"https:\/\/u.bytf.tk\/wp-content\/uploads\/2025\/07\/Zorlu-Center.png\" loading=\"lazy\" class=\"lakit-images-layout__image-instance\" width=\"1410\" height=\"2015\" alt=\"\" style=\"--img-height:2015px\">\t\t\t<\/div>\n\t\t\t<div class=\"lakit-images-layout__content\"><div class=\"lakit-images-layout__desc\">Zorlu Center<\/div><\/div>\n\t\t<\/a>\n\t<\/div>\n<\/div><div class=\"lakit-images-layout__item  col-desk-4 col-lap-4 col-tab-4 col-tabp-4\">\n\t<div class=\"lakit-images-layout__inner\">\n\t\t<a class=\"lakit-images-layout__link\" href=\"https:\/\/u.bytf.tk\/wp-content\/uploads\/2025\/07\/Zorlu-Residences.png\" data-elementor-open-lightbox=\"yes\" data-elementor-lightbox-slideshow=\"70d63da\" data-elementor-lightbox-title=\"\">\n\t\t\t<div class=\"lakit-images-layout__image\"><img loading=\"lazy\" decoding=\"async\" src=\"https:\/\/u.bytf.tk\/wp-content\/uploads\/2025\/07\/Zorlu-Residences.png\" loading=\"lazy\" class=\"lakit-images-layout__image-instance\" width=\"1414\" height=\"1989\" alt=\"\" style=\"--img-height:1989px\">\t\t\t<\/div>\n\t\t\t<div class=\"lakit-images-layout__content\"><div class=\"lakit-images-layout__desc\">Zorlu Residences<\/div><\/div>\n\t\t<\/a>\n\t<\/div>\n<\/div>        <\/div>\n    <\/div>\n    <\/div>\t\t\t\t<\/div>\n\t\t\t\t\t<\/div>\n\t\t\t\t<\/div>\n\t\t\t\t<\/div>\n\t\t","protected":false},"excerpt":{"rendered":"<p>Pirin\u00e7 \u00c7anak Pirin\u00e7 Vazo &#038; \u00c7anak Pirin\u00e7 Vazo Tavus Ku\u015fu Tavus Ku\u015fu B\u00fcy\u00fck Tavus Ku\u015fu K\u00fc\u00e7\u00fck Zorlu Center Zorlu Residences<\/p>\n","protected":false},"author":1,"featured_media":0,"parent":0,"menu_order":0,"comment_status":"closed","ping_status":"closed","template":"","meta":{"footnotes":""},"class_list":["post-7838","page","type-page","status-publish","hentry"],"_links":{"self":[{"href":"https:\/\/u.bytf.tk\/tr\/wp-json\/wp\/v2\/pages\/7838","targetHints":{"allow":["GET"]}}],"collection":[{"href":"https:\/\/u.bytf.tk\/tr\/wp-json\/wp\/v2\/pages"}],"about":[{"href":"https:\/\/u.bytf.tk\/tr\/wp-json\/wp\/v2\/types\/page"}],"author":[{"embeddable":true,"href":"https:\/\/u.bytf.tk\/tr\/wp-json\/wp\/v2\/users\/1"}],"replies":[{"embeddable":true,"href":"https:\/\/u.bytf.tk\/tr\/wp-json\/wp\/v2\/comments?post=7838"}],"version-history":[{"count":4,"href":"https:\/\/u.bytf.tk\/tr\/wp-json\/wp\/v2\/pages\/7838\/revisions"}],"predecessor-version":[{"id":7851,"href":"https:\/\/u.bytf.tk\/tr\/wp-json\/wp\/v2\/pages\/7838\/revisions\/7851"}],"wp:attachment":[{"href":"https:\/\/u.bytf.tk\/tr\/wp-json\/wp\/v2\/media?parent=7838"}],"curies":[{"name":"wp","href":"https:\/\/api.w.org\/{rel}","templated":true}]}}