{"id":10019,"date":"2025-07-14T02:24:44","date_gmt":"2025-07-13T23:24:44","guid":{"rendered":"https:\/\/u.bytf.tk\/product\/nil-damla-buyuk-kolye-kpeag10xnil-dam\/"},"modified":"2025-07-14T09:34:51","modified_gmt":"2025-07-14T06:34:51","slug":"nil-damla-buyuk-kolye-kpeag10xnil-dam-6666","status":"publish","type":"product","link":"https:\/\/u.bytf.tk\/tr\/product\/nil-damla-buyuk-kolye-kpeag10xnil-dam-6666\/","title":{"rendered":"Nil &#8211; Damla B\u00fcy\u00fck Kolye"},"content":{"rendered":"<p>Eski M\u0131s\u0131r\u2019\u0131n,\u00a0 &#8220;\u015fafakta sulardan do\u011fan varl\u0131\u011f\u0131&#8221;\u00a0 derin\u00a0 bir sayg\u0131 uyand\u0131ran kutsal \u00e7i\u00e7e\u011fi lotustan esinlenen kolye<\/p>\n<p>10\u00a0ayar Alt\u0131n, 925 ayar G\u00fcm\u00fc\u015f<\/p>\n<p>Kolye standart uzunlu\u011fu 42 cm<\/p>\n<p>\u00a0<\/p>\n","protected":false},"excerpt":{"rendered":"<p>Eski M\u0131s\u0131r\u2019\u0131n,\u00a0 &#8220;\u015fafakta sulardan do\u011fan varl\u0131\u011f\u0131&#8221;\u00a0 derin\u00a0 bir sayg\u0131 uyand\u0131ran kutsal \u00e7i\u00e7e\u011fi lotustan esinlenen kolye 10\u00a0ayar Alt\u0131n, 925 ayar G\u00fcm\u00fc\u015f Kolye standart uzunlu\u011fu 42 cm \u00a0<\/p>\n","protected":false},"featured_media":4159,"template":"","meta":[],"product_brand":[],"product_cat":[567,562],"product_tag":[90,109,91,92,87,103,106,250,251,107,89,115],"class_list":{"0":"post-10019","1":"product","2":"type-product","3":"status-publish","4":"has-post-thumbnail","6":"product_cat-kolye","7":"product_cat-mucevher","8":"product_tag-altin","9":"product_tag-chrismas","10":"product_tag-encoksatan","11":"product_tag-gold","12":"product_tag-gumus","13":"product_tag-heritage","14":"product_tag-kolye","15":"product_tag-misir","16":"product_tag-misir-koleksiyonu","17":"product_tag-necklace","18":"product_tag-silver","19":"product_tag-yilbasi","21":"first","22":"instock","23":"taxable","24":"shipping-taxable","25":"purchasable","26":"product-type-simple"},"_links":{"self":[{"href":"https:\/\/u.bytf.tk\/tr\/wp-json\/wp\/v2\/product\/10019","targetHints":{"allow":["GET"]}}],"collection":[{"href":"https:\/\/u.bytf.tk\/tr\/wp-json\/wp\/v2\/product"}],"about":[{"href":"https:\/\/u.bytf.tk\/tr\/wp-json\/wp\/v2\/types\/product"}],"wp:featuredmedia":[{"embeddable":true,"href":"https:\/\/u.bytf.tk\/tr\/wp-json\/wp\/v2\/media\/4159"}],"wp:attachment":[{"href":"https:\/\/u.bytf.tk\/tr\/wp-json\/wp\/v2\/media?parent=10019"}],"wp:term":[{"taxonomy":"product_brand","embeddable":true,"href":"https:\/\/u.bytf.tk\/tr\/wp-json\/wp\/v2\/product_brand?post=10019"},{"taxonomy":"product_cat","embeddable":true,"href":"https:\/\/u.bytf.tk\/tr\/wp-json\/wp\/v2\/product_cat?post=10019"},{"taxonomy":"product_tag","embeddable":true,"href":"https:\/\/u.bytf.tk\/tr\/wp-json\/wp\/v2\/product_tag?post=10019"}],"curies":[{"name":"wp","href":"https:\/\/api.w.org\/{rel}","templated":true}]}}